{"id":619,"date":"2024-05-31T21:38:33","date_gmt":"2024-05-31T21:38:33","guid":{"rendered":"https:\/\/cristina-hockl.de\/insotitor-de-doliu\/"},"modified":"2025-08-13T18:58:26","modified_gmt":"2025-08-13T18:58:26","slug":"insotitor-de-doliu","status":"publish","type":"page","link":"https:\/\/cristina-hockl.de\/ro\/insotitor-de-doliu\/","title":{"rendered":"\u00censo\u021bitor de doliu"},"content":{"rendered":"<p>[et_pb_section fb_built=&#8221;1&#8243; admin_label=&#8221;Service&#8221; _builder_version=&#8221;4.25.1&#8243; _module_preset=&#8221;default&#8221; use_background_color_gradient=&#8221;on&#8221; background_color_gradient_stops=&#8221;rgba(41,59,69,0.7) 0%|#293b45 99%&#8221; background_color_gradient_overlays_image=&#8221;on&#8221; background_image=&#8221;http:\/\/cristina-hockl.de\/wp-content\/uploads\/2024\/05\/jonatan-becerra-Frdj333dsuY-unsplash-scaled.jpg&#8221; collapsed=&#8221;on&#8221; global_colors_info=&#8221;{}&#8221;][et_pb_row _builder_version=&#8221;4.20.0&#8243; _module_preset=&#8221;default&#8221; global_colors_info=&#8221;{}&#8221;][et_pb_column type=&#8221;4_4&#8243; _builder_version=&#8221;4.20.0&#8243; _module_preset=&#8221;default&#8221; global_colors_info=&#8221;{}&#8221;][et_pb_text _builder_version=&#8221;4.27.0&#8243; _module_preset=&#8221;7359ef96-a939-4a05-baaa-66301eeb7720&#8243; header_4_text_color=&#8221;gcid-7a02f245-10cf-4ba2-ac73-385345b5f54a&#8221; text_orientation=&#8221;center&#8221; global_colors_info=&#8221;{%22gcid-7a02f245-10cf-4ba2-ac73-385345b5f54a%22:%91%22header_4_text_color%22%93}&#8221;]<\/p>\n<h4>Consiliere pentru doliu<\/h4>\n<p>[\/et_pb_text][et_pb_text _builder_version=&#8221;4.20.0&#8243; _module_preset=&#8221;9b4efdcb-24e4-4b9a-9423-92f42c167a71&#8243; header_2_text_color=&#8221;#FFFFFF&#8221; text_orientation=&#8221;center&#8221; custom_margin=&#8221;||10px||false|false&#8221; global_colors_info=&#8221;{}&#8221;]<\/p>\n<h2>Suport sensibil pentru gestionarea pierderii \u0219i a durerii.<\/h2>\n<p>[\/et_pb_text][et_pb_text _builder_version=&#8221;4.27.4&#8243; _module_preset=&#8221;f7aaf9eb-dc91-45bf-a3c3-bef1d7a4b2ea&#8221; text_text_color=&#8221;#E9EBE7&#8243; header_3_text_color=&#8221;#E9EBE7&#8243; text_orientation=&#8221;center&#8221; global_colors_info=&#8221;{}&#8221;]<\/p>\n<h3><strong>De ce consiliere profesional\u0103 pentru doliu?<\/strong><\/h3>\n<p><strong><\/strong><\/p>\n<p>Durerea este o reac\u021bie fierasca si intensa la pierderea unei persoane dragi sau la un eveniment dificil din via\u021b\u0103. Uneori, ea poate deveni cople\u0219itoare, f\u0103cindu-te s\u0103 sim\u021bi c\u0103 totul in jurul t\u0103u se pr\u0103bu\u0219e\u0219te. \u00cen astfel de momente, consilierea profesional\u0103 pentru doliu te poate ajuta s\u0103-\u021bi recape\u021bi echilibrul \u0219i te poate sprijini \u00een c\u0103l\u0103toria ta prin durere.  <\/p>\n<p>[\/et_pb_text][et_pb_button button_url=&#8221;https:\/\/calendly.com\/cristina-hockl-info\/30min?back&#8221; url_new_window=&#8221;on&#8221; button_text=&#8221;Consulta\u021bie ini\u021bial\u0103 gratuita &#8221; button_alignment=&#8221;center&#8221; _builder_version=&#8221;4.27.4&#8243; _module_preset=&#8221;c78cd511-39fd-4234-bc70-e9adc07ddd80&#8243; locked=&#8221;off&#8221; global_colors_info=&#8221;{}&#8221;][\/et_pb_button][\/et_pb_column][\/et_pb_row][\/et_pb_section][et_pb_section fb_built=&#8221;1&#8243; admin_label=&#8221;Features&#8221; _builder_version=&#8221;4.20.0&#8243; _module_preset=&#8221;default&#8221; background_color=&#8221;gcid-1c7f682d-c09a-42e9-8b1c-535ba676533f&#8221; collapsed=&#8221;on&#8221; global_colors_info=&#8221;{%22gcid-1c7f682d-c09a-42e9-8b1c-535ba676533f%22:%91%22background_color%22%93}&#8221;][et_pb_row _builder_version=&#8221;4.20.0&#8243; _module_preset=&#8221;default&#8221; max_width=&#8221;800px&#8221; global_colors_info=&#8221;{}&#8221;][et_pb_column type=&#8221;4_4&#8243; _builder_version=&#8221;4.20.0&#8243; _module_preset=&#8221;default&#8221; global_colors_info=&#8221;{}&#8221;][\/et_pb_column][\/et_pb_row][et_pb_row column_structure=&#8221;1_4,1_4,1_4,1_4&#8243; _builder_version=&#8221;4.20.0&#8243; _module_preset=&#8221;default&#8221; locked=&#8221;off&#8221; global_colors_info=&#8221;{}&#8221;][et_pb_column type=&#8221;1_4&#8243; _builder_version=&#8221;4.20.0&#8243; _module_preset=&#8221;default&#8221; global_colors_info=&#8221;{}&#8221;][et_pb_image src=&#8221;http:\/\/cristina-hockl.de\/wp-content\/uploads\/2025\/05\/9.png&#8221; title_text=&#8221;9&#8243; _builder_version=&#8221;4.27.4&#8243; _module_preset=&#8221;default&#8221; locked=&#8221;off&#8221; global_colors_info=&#8221;{}&#8221;][\/et_pb_image][et_pb_text _builder_version=&#8221;4.20.0&#8243; _module_preset=&#8221;7359ef96-a939-4a05-baaa-66301eeb7720&#8243; text_orientation=&#8221;center&#8221; locked=&#8221;off&#8221; global_colors_info=&#8221;{}&#8221;]<\/p>\n<h4>Stabilitate<\/h4>\n<p>[\/et_pb_text][et_pb_text _builder_version=&#8221;4.27.4&#8243; _module_preset=&#8221;eca8604f-fe0b-4412-b9b0-e45dd868a091&#8243; text_text_color=&#8221;#442823&#8243; text_orientation=&#8221;center&#8221; global_colors_info=&#8221;{}&#8221;]<\/p>\n<p>Sprijinul profesional ajut\u0103 la g\u0103sirea unui sprijin emo\u021bional \u0219i la gestionarea vie\u021bii de zi cu zi.<\/p>\n<p>[\/et_pb_text][\/et_pb_column][et_pb_column type=&#8221;1_4&#8243; _builder_version=&#8221;4.20.0&#8243; _module_preset=&#8221;default&#8221; global_colors_info=&#8221;{}&#8221;][et_pb_image src=&#8221;http:\/\/cristina-hockl.de\/wp-content\/uploads\/2025\/05\/11.png&#8221; title_text=&#8221;11&#8243; _builder_version=&#8221;4.27.4&#8243; _module_preset=&#8221;default&#8221; locked=&#8221;off&#8221; global_colors_info=&#8221;{}&#8221;][\/et_pb_image][et_pb_text _builder_version=&#8221;4.27.0&#8243; _module_preset=&#8221;7359ef96-a939-4a05-baaa-66301eeb7720&#8243; text_orientation=&#8221;center&#8221; locked=&#8221;off&#8221; global_colors_info=&#8221;{}&#8221;]<\/p>\n<h4>Procesare<\/h4>\n<p>[\/et_pb_text][et_pb_text _builder_version=&#8221;4.27.4&#8243; _module_preset=&#8221;eca8604f-fe0b-4412-b9b0-e45dd868a091&#8243; text_text_color=&#8221;#442823&#8243; text_orientation=&#8221;center&#8221; global_colors_info=&#8221;{}&#8221;]<\/p>\n<p>Un \u00eenso\u021bitor cu experien\u021b\u0103 te poate ajuta s\u0103 \u00een\u021belegi durerea \u0219i s\u0103 o procesezi \u00eentr-un mod s\u0103n\u0103tos.<\/p>\n<p>[\/et_pb_text][\/et_pb_column][et_pb_column type=&#8221;1_4&#8243; _builder_version=&#8221;4.20.0&#8243; _module_preset=&#8221;default&#8221; global_colors_info=&#8221;{}&#8221;][et_pb_image src=&#8221;http:\/\/cristina-hockl.de\/wp-content\/uploads\/2025\/05\/12.png&#8221; title_text=&#8221;12&#8243; _builder_version=&#8221;4.27.4&#8243; _module_preset=&#8221;default&#8221; locked=&#8221;off&#8221; global_colors_info=&#8221;{}&#8221;][\/et_pb_image][et_pb_text _builder_version=&#8221;4.27.0&#8243; _module_preset=&#8221;7359ef96-a939-4a05-baaa-66301eeb7720&#8243; text_orientation=&#8221;center&#8221; locked=&#8221;off&#8221; global_colors_info=&#8221;{}&#8221;]<\/p>\n<h4>Individualitate<\/h4>\n<p>[\/et_pb_text][et_pb_text _builder_version=&#8221;4.27.4&#8243; _module_preset=&#8221;eca8604f-fe0b-4412-b9b0-e45dd868a091&#8243; text_text_color=&#8221;#442823&#8243; text_orientation=&#8221;center&#8221; global_colors_info=&#8221;{}&#8221;]<\/p>\n<p>\u00censo\u021birea este adaptat\u0103 nevoilor tale personale \u0219i procesului t\u0103u de doliu.<\/p>\n<p>[\/et_pb_text][\/et_pb_column][et_pb_column type=&#8221;1_4&#8243; _builder_version=&#8221;4.20.0&#8243; _module_preset=&#8221;default&#8221; global_colors_info=&#8221;{}&#8221;][et_pb_image src=&#8221;http:\/\/cristina-hockl.de\/wp-content\/uploads\/2025\/05\/10.png&#8221; title_text=&#8221;10&#8243; _builder_version=&#8221;4.27.4&#8243; _module_preset=&#8221;default&#8221; global_colors_info=&#8221;{}&#8221;][\/et_pb_image][et_pb_text _builder_version=&#8221;4.27.0&#8243; _module_preset=&#8221;7359ef96-a939-4a05-baaa-66301eeb7720&#8243; text_orientation=&#8221;center&#8221; locked=&#8221;off&#8221; global_colors_info=&#8221;{}&#8221;]<\/p>\n<h4>Prevenire<\/h4>\n<p>[\/et_pb_text][et_pb_text _builder_version=&#8221;4.27.4&#8243; _module_preset=&#8221;eca8604f-fe0b-4412-b9b0-e45dd868a091&#8243; text_text_color=&#8221;#442823&#8243; text_orientation=&#8221;center&#8221; global_colors_info=&#8221;{}&#8221;]<\/p>\n<p>\u00censo\u021birea profesional\u0103 a doliului poate preveni stresul psihologic pe termen lung \u0219i problemele psihice.<\/p>\n<p>[\/et_pb_text][\/et_pb_column][\/et_pb_row][\/et_pb_section][et_pb_section fb_built=&#8221;1&#8243; admin_label=&#8221;Steps&#8221; _builder_version=&#8221;4.20.0&#8243; _module_preset=&#8221;default&#8221; overflow-x=&#8221;hidden&#8221; overflow-y=&#8221;hidden&#8221; collapsed=&#8221;on&#8221; global_colors_info=&#8221;{}&#8221;][et_pb_row _builder_version=&#8221;4.20.0&#8243; _module_preset=&#8221;default&#8221; global_colors_info=&#8221;{}&#8221;][et_pb_column type=&#8221;4_4&#8243; _builder_version=&#8221;4.20.0&#8243; _module_preset=&#8221;default&#8221; global_colors_info=&#8221;{}&#8221;][et_pb_image src=&#8221;http:\/\/cristina-hockl.de\/wp-content\/uploads\/2024\/03\/coaching-2.png&#8221; title_text=&#8221;coaching-2&#8243; _builder_version=&#8221;4.20.0&#8243; _module_preset=&#8221;default&#8221; transform_translate=&#8221;-8vw|8vw&#8221; transform_translate_linked=&#8221;off&#8221; positioning=&#8221;absolute&#8221; position_origin_a=&#8221;bottom_left&#8221; width=&#8221;30%&#8221; global_colors_info=&#8221;{}&#8221;][\/et_pb_image][et_pb_text _builder_version=&#8221;4.27.4&#8243; _module_preset=&#8221;9b4efdcb-24e4-4b9a-9423-92f42c167a71&#8243; text_text_color=&#8221;#442823&#8243; header_2_text_color=&#8221;#884F45&#8243; global_colors_info=&#8221;{}&#8221;]<\/p>\n<h2>Povestea mea personal\u0103<\/h2>\n<p>[\/et_pb_text][et_pb_text _builder_version=&#8221;4.27.4&#8243; _module_preset=&#8221;eca8604f-fe0b-4412-b9b0-e45dd868a091&#8243; text_text_color=&#8221;#442823&#8243; global_colors_info=&#8221;{}&#8221;]<\/p>\n<p>Prin propriile mele experien\u021be dureroase \u2014 cum ar fi migrarea din Rom\u00e2nia, boala \u0219i moartea fiului meu \u2014 am dezvoltat o \u00een\u021belegere profund\u0103 \u0219i o empatie pentru oamenii care au suferit o pierdere grea. Aceste experien\u021be m-au inspirat s\u0103-i sprijin pe al\u021bii \u00een cele mai \u00eentunecate momente ale lor prin consiliere pentru persoane \u00eendurerate \u0219i s\u0103-i \u00eenso\u021besc \u00een c\u0103l\u0103toria lor de vindecare. <\/p>\n<p>[\/et_pb_text][\/et_pb_column][\/et_pb_row][et_pb_row _builder_version=&#8221;4.20.0&#8243; _module_preset=&#8221;default&#8221; border_color_all=&#8221;gcid-803cbec3-ce51-4865-83f1-75b1ba8d83fc&#8221; global_colors_info=&#8221;{%22gcid-803cbec3-ce51-4865-83f1-75b1ba8d83fc%22:%91%22border_color_all%22%93}&#8221; border_width_bottom__hover_enabled=&#8221;on|hover&#8221; border_width_bottom__hover=&#8221;1px&#8221;][et_pb_column type=&#8221;4_4&#8243; _builder_version=&#8221;4.20.0&#8243; _module_preset=&#8221;default&#8221; global_colors_info=&#8221;{}&#8221;][et_pb_text _builder_version=&#8221;4.27.4&#8243; _module_preset=&#8221;eca8604f-fe0b-4412-b9b0-e45dd868a091&#8243; text_text_color=&#8221;#442823&#8243; global_colors_info=&#8221;{}&#8221;]<\/p>\n<h3><strong>C\u00e2nd este util\u0103 consilierea pentru doliu?<\/strong><\/h3>\n<p><strong><\/strong><\/p>\n<p><strong>Ai putea lua \u00een considerare consilierea pentru persoane \u00eendoliate \u0219i sprijinul psihologic dac\u0103:<\/strong><\/p>\n<ul>\n<li>Ai pierdut pe cineva drag printr-o moarte subit\u0103, nea\u0219teptat\u0103.<\/li>\n<li>Ai pierdut pe cineva dup\u0103 o boal\u0103 lung\u0103 sau prin sinucidere.<\/li>\n<li>Tu \u00eensu\u021bi suferi de o boal\u0103 grav\u0103 sau o persoan\u0103 drag\u0103 este bolnav\u0103 \u00een faz\u0103 terminal\u0103.<\/li>\n<li>Treci printr-o situa\u021bie dificil\u0103, cum ar fi o desp\u0103r\u021bire iminent\u0103 sau complet\u0103, pierderea locului de munc\u0103 sau moartea animalului t\u0103u de companie.<\/li>\n<li>Treci printr-o criza care i\u021bi impacteaza via\u021ba si te sim\u021bi cople\u0219it.<\/li>\n<\/ul>\n<p>[\/et_pb_text][\/et_pb_column][\/et_pb_row][\/et_pb_section][et_pb_section fb_built=&#8221;1&#8243; admin_label=&#8221;Steps&#8221; _builder_version=&#8221;4.20.0&#8243; _module_preset=&#8221;default&#8221; overflow-x=&#8221;hidden&#8221; overflow-y=&#8221;hidden&#8221; collapsed=&#8221;on&#8221; global_colors_info=&#8221;{}&#8221;][et_pb_row _builder_version=&#8221;4.20.0&#8243; _module_preset=&#8221;default&#8221; global_colors_info=&#8221;{}&#8221;][et_pb_column type=&#8221;4_4&#8243; _builder_version=&#8221;4.20.0&#8243; _module_preset=&#8221;default&#8221; global_colors_info=&#8221;{}&#8221;][et_pb_image src=&#8221;http:\/\/cristina-hockl.de\/wp-content\/uploads\/2024\/03\/coaching-2.png&#8221; title_text=&#8221;coaching-2&#8243; _builder_version=&#8221;4.20.0&#8243; _module_preset=&#8221;default&#8221; transform_translate=&#8221;-8vw|8vw&#8221; transform_translate_linked=&#8221;off&#8221; positioning=&#8221;absolute&#8221; position_origin_a=&#8221;bottom_left&#8221; width=&#8221;30%&#8221; global_colors_info=&#8221;{}&#8221;][\/et_pb_image][et_pb_text _builder_version=&#8221;4.27.4&#8243; _module_preset=&#8221;9b4efdcb-24e4-4b9a-9423-92f42c167a71&#8243; header_2_text_color=&#8221;#442823&#8243; global_colors_info=&#8221;{}&#8221;]<\/p>\n<h2>Cum te pot sprijini<\/h2>\n<p>[\/et_pb_text][et_pb_text _builder_version=&#8221;4.27.4&#8243; _module_preset=&#8221;eca8604f-fe0b-4412-b9b0-e45dd868a091&#8243; text_text_color=&#8221;#442823&#8243; global_colors_info=&#8221;{}&#8221;]<\/p>\n<p>\u00cen aceast\u0103 perioad\u0103 dificil\u0103, \u00ee\u021bi ofer sprijin si oportunitatea de a-\u021bi stimula curiozitatea si creativitatea printr-un nou mod de exprimare. <strong>G\u0103titul \u00eempreun\u0103<\/strong> este conceput pentru a \u00ee\u021bi oferi stabilitate \u0219i putere atunci c\u00e2nd sim\u021bi c\u0103 \u00ee\u021bi pierzi echilibrul. C\u00e2nd cuvintele nu sunt suficiente, prepararea m\u00e2nc\u0103rii poate avea un efect vindec\u0103tor \u0219i calmant. G\u0103titul ca terapie \u00ee\u021bi permite s\u0103 te conectezi cu sinele t\u0103u interior \u00eentr-un mod senzorial \u0219i creativ care te va ajuta s\u0103 procesezi durerea.  <\/p>\n<p>&nbsp;<\/p>\n<p>Aceast\u0103 metod\u0103, cunoscut\u0103 \u0219i sub denumirea de \u201e<strong>terapie culinar\u0103<\/strong> \u201d, folose\u0219te efectele calmante \u0219i structurante ale g\u0103titului pentru a promova vindecarea emo\u021bional\u0103. Pentru a afla mai multe despre cum poate fi folosit g\u0103titul ca instrument terapeutic, <a rel=\"noopener\" href=\"#\">face\u021bi clic aici<\/a> <\/p>\n<p>[\/et_pb_text][\/et_pb_column][\/et_pb_row][\/et_pb_section][et_pb_section fb_built=&#8221;1&#8243; admin_label=&#8221;Subscribe&#8221; _builder_version=&#8221;4.27.0&#8243; _module_preset=&#8221;default&#8221; background_color=&#8221;#e0d8c7&#8243; use_background_color_gradient=&#8221;on&#8221; background_color_gradient_direction=&#8221;90deg&#8221; background_color_gradient_stops=&#8221;rgba(249,246,241,0.7) 0%|rgba(249,246,241,0.7) 100%&#8221; background_color_gradient_overlays_image=&#8221;on&#8221; background_enable_image=&#8221;off&#8221; saved_tabs=&#8221;all&#8221; collapsed=&#8221;on&#8221; global_colors_info=&#8221;{}&#8221;][et_pb_row _builder_version=&#8221;4.20.0&#8243; _module_preset=&#8221;default&#8221; max_width=&#8221;700px&#8221; global_colors_info=&#8221;{}&#8221;][et_pb_column type=&#8221;4_4&#8243; _builder_version=&#8221;4.20.0&#8243; _module_preset=&#8221;default&#8221; global_colors_info=&#8221;{}&#8221;][et_pb_text _builder_version=&#8221;4.27.4&#8243; _module_preset=&#8221;7359ef96-a939-4a05-baaa-66301eeb7720&#8243; text_orientation=&#8221;center&#8221; global_colors_info=&#8221;{}&#8221;]<\/p>\n<h4>Introducere gratuit\u0103<\/h4>\n<p>[\/et_pb_text][et_pb_text _builder_version=&#8221;4.27.4&#8243; _module_preset=&#8221;9b4efdcb-24e4-4b9a-9423-92f42c167a71&#8243; header_2_text_color=&#8221;#442823&#8243; text_orientation=&#8221;center&#8221; custom_margin=&#8221;||10px||false|false&#8221; global_colors_info=&#8221;{}&#8221;]<\/p>\n<h2>Hai s\u0103 mergem \u00eempreun\u0103 pe aceast\u0103 cale<\/h2>\n<p>[\/et_pb_text][et_pb_text _builder_version=&#8221;4.27.4&#8243; _module_preset=&#8221;f7aaf9eb-dc91-45bf-a3c3-bef1d7a4b2ea&#8221; text_text_color=&#8221;#884F45&#8243; text_orientation=&#8221;center&#8221; global_colors_info=&#8221;{}&#8221;]<\/p>\n<p>Te voi sprijini \u00een durerea ta \u0219i te voi \u00eenso\u021bi o parte din c\u0103l\u0103toria ta. \u00cempreun\u0103 vom g\u0103si puterea de a face urm\u0103torul pas. <\/p>\n<p>[\/et_pb_text][et_pb_button button_url=&#8221;https:\/\/calendly.com\/cristina-hockl-info\/30min?back&#8221; url_new_window=&#8221;on&#8221; button_text=&#8221;G\u0103se\u0219te o programare&#8221; button_alignment=&#8221;center&#8221; _builder_version=&#8221;4.27.4&#8243; _module_preset=&#8221;c78cd511-39fd-4234-bc70-e9adc07ddd80&#8243; button_text_color=&#8221;#E9EBE7&#8243; button_bg_color=&#8221;#884F45&#8243; locked=&#8221;off&#8221; global_colors_info=&#8221;{}&#8221;][\/et_pb_button][\/et_pb_column][\/et_pb_row][\/et_pb_section][et_pb_section fb_built=&#8221;1&#8243; admin_label=&#8221;Subscribe&#8221; _builder_version=&#8221;4.27.4&#8243; _module_preset=&#8221;default&#8221; use_background_color_gradient=&#8221;on&#8221; background_color_gradient_direction=&#8221;90deg&#8221; background_color_gradient_stops=&#8221;#f9f6f1 0%|rgba(249,246,241,0.89) 99%&#8221; background_color_gradient_overlays_image=&#8221;on&#8221; background_image=&#8221;http:\/\/cristina-hockl.de\/wp-content\/uploads\/2024\/03\/natalia-y-4KJSjQM0oDQ-unsplash-scaled.jpg&#8221; saved_tabs=&#8221;all&#8221; collapsed=&#8221;on&#8221; global_colors_info=&#8221;{}&#8221;][et_pb_row _builder_version=&#8221;4.20.0&#8243; _module_preset=&#8221;default&#8221; max_width=&#8221;700px&#8221; global_colors_info=&#8221;{}&#8221;][et_pb_column type=&#8221;4_4&#8243; _builder_version=&#8221;4.20.0&#8243; _module_preset=&#8221;default&#8221; global_colors_info=&#8221;{}&#8221;][et_pb_text _builder_version=&#8221;4.20.0&#8243; _module_preset=&#8221;7359ef96-a939-4a05-baaa-66301eeb7720&#8243; text_orientation=&#8221;center&#8221; global_colors_info=&#8221;{}&#8221;]<\/p>\n<h4>Abonare<\/h4>\n<p>[\/et_pb_text][et_pb_text _builder_version=&#8221;4.27.4&#8243; _module_preset=&#8221;9b4efdcb-24e4-4b9a-9423-92f42c167a71&#8243; header_2_text_color=&#8221;#442823&#8243; text_orientation=&#8221;center&#8221; custom_margin=&#8221;||10px||false|false&#8221; global_colors_info=&#8221;{}&#8221;]<\/p>\n<h2>\u00censcrie-te pentru inspira\u021bie \u0219i sprijin<\/h2>\n<p>[\/et_pb_text][et_pb_text _builder_version=&#8221;4.27.4&#8243; _module_preset=&#8221;f7aaf9eb-dc91-45bf-a3c3-bef1d7a4b2ea&#8221; text_text_color=&#8221;#442823&#8243; text_orientation=&#8221;center&#8221; global_colors_info=&#8221;{}&#8221;]<\/p>\n<p>Aboneaz\u0103-te la newsletter-ul meu \u0219i fii mereu bine informat despre noile articole de pe blog, oferte exclusive \u0219i resurse utile care te \u00eenso\u021besc pe drumul t\u0103u prin doliu. \u00cempreun\u0103 putem face primii pa\u0219i spre vindecare \u0219i putere interioar\u0103. <\/p>\n<p>[\/et_pb_text][et_pb_signup mailchimp_list=&#8221;add_new_account&#8221; mailchimp_account_name=&#8221;Cristina Hockl&#8221; mailchimp_api_key=&#8221;cd3246d18d8a69e11cbc956df8abc55a-us16&#8243; name_field=&#8221;on&#8221; _builder_version=&#8221;4.27.4&#8243; _module_preset=&#8221;d843b4ad-4127-4c74-b9f0-c942268d4970&#8243; locked=&#8221;off&#8221; global_colors_info=&#8221;{%22gcid-606d042f-c90f-4ea6-97e7-7b08f1ba25f6%22:%91%22button_bg_color%22,%22form_field_text_color%22,%22border_color_all%22%93}&#8221;][\/et_pb_signup][\/et_pb_column][\/et_pb_row][\/et_pb_section]<\/p>\n","protected":false},"excerpt":{"rendered":"<p>Consiliere pentru doliuSuport sensibil pentru gestionarea pierderii \u0219i a durerii.De ce consiliere profesional\u0103 pentru doliu? Durerea este o reac\u021bie fierasca si intensa la pierderea unei persoane dragi sau la un eveniment dificil din via\u021b\u0103. Uneori, ea poate deveni cople\u0219itoare, f\u0103cindu-te s\u0103 sim\u021bi c\u0103 totul in jurul t\u0103u se pr\u0103bu\u0219e\u0219te. \u00cen astfel de momente, consilierea profesional\u0103 [&hellip;]<\/p>\n","protected":false},"author":1,"featured_media":0,"parent":0,"menu_order":0,"comment_status":"closed","ping_status":"closed","template":"","meta":{"_et_pb_use_builder":"on","_et_pb_old_content":"","_et_gb_content_width":"","footnotes":""},"class_list":["post-619","page","type-page","status-publish","hentry"],"_links":{"self":[{"href":"https:\/\/cristina-hockl.de\/ro\/wp-json\/wp\/v2\/pages\/619","targetHints":{"allow":["GET"]}}],"collection":[{"href":"https:\/\/cristina-hockl.de\/ro\/wp-json\/wp\/v2\/pages"}],"about":[{"href":"https:\/\/cristina-hockl.de\/ro\/wp-json\/wp\/v2\/types\/page"}],"author":[{"embeddable":true,"href":"https:\/\/cristina-hockl.de\/ro\/wp-json\/wp\/v2\/users\/1"}],"replies":[{"embeddable":true,"href":"https:\/\/cristina-hockl.de\/ro\/wp-json\/wp\/v2\/comments?post=619"}],"version-history":[{"count":2,"href":"https:\/\/cristina-hockl.de\/ro\/wp-json\/wp\/v2\/pages\/619\/revisions"}],"predecessor-version":[{"id":622,"href":"https:\/\/cristina-hockl.de\/ro\/wp-json\/wp\/v2\/pages\/619\/revisions\/622"}],"wp:attachment":[{"href":"https:\/\/cristina-hockl.de\/ro\/wp-json\/wp\/v2\/media?parent=619"}],"curies":[{"name":"wp","href":"https:\/\/api.w.org\/{rel}","templated":true}]}}