{"id":615,"date":"2024-05-31T21:40:25","date_gmt":"2024-05-31T21:40:25","guid":{"rendered":"https:\/\/cristina-hockl.de\/terapie-culinara\/"},"modified":"2025-08-13T18:50:49","modified_gmt":"2025-08-13T18:50:49","slug":"terapie-culinara","status":"publish","type":"page","link":"https:\/\/cristina-hockl.de\/ro\/terapie-culinara\/","title":{"rendered":"terapie culinar\u0103"},"content":{"rendered":"<p>[et_pb_section fb_built=&#8221;1&#8243; admin_label=&#8221;Service&#8221; _builder_version=&#8221;4.25.1&#8243; _module_preset=&#8221;default&#8221; use_background_color_gradient=&#8221;on&#8221; background_color_gradient_stops=&#8221;rgba(41,59,69,0.7) 0%|#293b45 99%&#8221; background_color_gradient_overlays_image=&#8221;on&#8221; background_image=&#8221;http:\/\/cristina-hockl.de\/wp-content\/uploads\/2024\/05\/jonathan-borba-uB7q7aipU2o-unsplash-scaled.jpg&#8221; collapsed=&#8221;on&#8221; global_colors_info=&#8221;{}&#8221;][et_pb_row _builder_version=&#8221;4.20.0&#8243; _module_preset=&#8221;default&#8221; global_colors_info=&#8221;{}&#8221;][et_pb_column type=&#8221;4_4&#8243; _builder_version=&#8221;4.20.0&#8243; _module_preset=&#8221;default&#8221; global_colors_info=&#8221;{}&#8221;][et_pb_text _builder_version=&#8221;4.27.0&#8243; _module_preset=&#8221;7359ef96-a939-4a05-baaa-66301eeb7720&#8243; header_4_text_color=&#8221;gcid-7a02f245-10cf-4ba2-ac73-385345b5f54a&#8221; text_orientation=&#8221;center&#8221; global_colors_info=&#8221;{%22gcid-7a02f245-10cf-4ba2-ac73-385345b5f54a%22:%91%22header_4_text_color%22%93}&#8221;]<\/p>\n<h4>Terapie culinar\u0103<\/h4>\n<p>[\/et_pb_text][et_pb_text _builder_version=&#8221;4.20.0&#8243; _module_preset=&#8221;9b4efdcb-24e4-4b9a-9423-92f42c167a71&#8243; header_2_text_color=&#8221;#FFFFFF&#8221; text_orientation=&#8221;center&#8221; custom_margin=&#8221;||10px||false|false&#8221; global_colors_info=&#8221;{}&#8221;]<\/p>\n<h2>Vindecare prin g\u0103tit \u0219i savoare<\/h2>\n<p>[\/et_pb_text][et_pb_text _builder_version=&#8221;4.27.4&#8243; _module_preset=&#8221;f7aaf9eb-dc91-45bf-a3c3-bef1d7a4b2ea&#8221; text_text_color=&#8221;#E9EBE7&#8243; text_orientation=&#8221;center&#8221; global_colors_info=&#8221;{}&#8221;]<\/p>\n<p><span style=\"font-size: 16px;\">\u00cen terapia culinar\u0103, puterile vindec\u0103toare ale hranei \u0219i aten\u021biei se combin\u0103 \u00eentr-o form\u0103 unic\u0103 de vindecare terapeutic\u0103. Prin g\u0103titul \u0219i savurarea con\u0219tient\u0103, nu numai c\u0103 este hr\u0103nit corpul, ci \u0219i sufletul. Aceast\u0103 form\u0103 de terapie te ajut\u0103 s\u0103 dep\u0103\u0219e\u0219ti blocajele emo\u021bionale, s\u0103 te \u00een\u021belegi mai bine \u0219i s\u0103 promovezi procesul de vindecare \u00eentr-un mod holistic.  <\/span><\/p>\n<p>[\/et_pb_text][et_pb_button button_url=&#8221;https:\/\/calendly.com\/cristina-hockl-info\/30min?back&#8221; url_new_window=&#8221;on&#8221; button_text=&#8221;Cunoa\u0219tere gratuit\u0103&#8221; button_alignment=&#8221;center&#8221; _builder_version=&#8221;4.27.4&#8243; _module_preset=&#8221;c78cd511-39fd-4234-bc70-e9adc07ddd80&#8243; button_text_color=&#8221;#884F45&#8243; button_bg_color=&#8221;#E9EBE7&#8243; locked=&#8221;off&#8221; global_colors_info=&#8221;{}&#8221;][\/et_pb_button][\/et_pb_column][\/et_pb_row][\/et_pb_section][et_pb_section fb_built=&#8221;1&#8243; admin_label=&#8221;Features&#8221; _builder_version=&#8221;4.20.0&#8243; _module_preset=&#8221;default&#8221; background_color=&#8221;gcid-1c7f682d-c09a-42e9-8b1c-535ba676533f&#8221; collapsed=&#8221;on&#8221; global_colors_info=&#8221;{%22gcid-1c7f682d-c09a-42e9-8b1c-535ba676533f%22:%91%22background_color%22%93}&#8221;][et_pb_row _builder_version=&#8221;4.20.0&#8243; _module_preset=&#8221;default&#8221; max_width=&#8221;800px&#8221; global_colors_info=&#8221;{}&#8221;][et_pb_column type=&#8221;4_4&#8243; _builder_version=&#8221;4.20.0&#8243; _module_preset=&#8221;default&#8221; global_colors_info=&#8221;{}&#8221;][et_pb_text _builder_version=&#8221;4.27.4&#8243; _module_preset=&#8221;f7aaf9eb-dc91-45bf-a3c3-bef1d7a4b2ea&#8221; text_text_color=&#8221;#442823&#8243; header_2_text_color=&#8221;#442823&#8243; text_orientation=&#8221;center&#8221; global_colors_info=&#8221;{}&#8221;]<\/p>\n<h2><strong>Cum func\u021bioneaz\u0103 terapia culinar\u0103?<\/strong><\/h2>\n<p>&nbsp;<\/p>\n<p>\u00cen timpul terapiei culinare, vei fi ghidat prin procesul de g\u0103tit. Nu este vorba doar despre rezultatul final \u2013 m\u00e2ncarea finit\u0103 \u2013, ci despre \u00eentregul proces creativ. T\u0103ierea, amestecarea, gustarea \u0219i mirosirea te ajut\u0103 s\u0103 te centrezi \u0219i s\u0103 eliberezi emo\u021biile negative. Prin \u00eentreb\u0103ri \u021bintite \u0219i reflec\u021bii \u00een timpul g\u0103titului, vei fi stimulat s\u0103 te g\u00e2nde\u0219ti la circumstan\u021bele, grijile \u0219i dorin\u021bele tale actuale.   <\/p>\n<p>[\/et_pb_text][\/et_pb_column][\/et_pb_row][et_pb_row column_structure=&#8221;1_4,1_4,1_4,1_4&#8243; _builder_version=&#8221;4.20.0&#8243; _module_preset=&#8221;default&#8221; locked=&#8221;off&#8221; global_colors_info=&#8221;{}&#8221;][et_pb_column type=&#8221;1_4&#8243; _builder_version=&#8221;4.20.0&#8243; _module_preset=&#8221;default&#8221; global_colors_info=&#8221;{}&#8221;][et_pb_image src=&#8221;http:\/\/cristina-hockl.de\/wp-content\/uploads\/2025\/05\/11.png&#8221; title_text=&#8221;11&#8243; _builder_version=&#8221;4.27.4&#8243; _module_preset=&#8221;default&#8221; locked=&#8221;off&#8221; global_colors_info=&#8221;{}&#8221;][\/et_pb_image][et_pb_text _builder_version=&#8221;4.20.0&#8243; _module_preset=&#8221;7359ef96-a939-4a05-baaa-66301eeb7720&#8243; text_orientation=&#8221;center&#8221; locked=&#8221;off&#8221; global_colors_info=&#8221;{}&#8221;]<\/p>\n<h4>Vindecare emo\u021bional\u0103<\/h4>\n<p>[\/et_pb_text][et_pb_text _builder_version=&#8221;4.27.4&#8243; _module_preset=&#8221;eca8604f-fe0b-4412-b9b0-e45dd868a091&#8243; text_text_color=&#8221;#442823&#8243; text_orientation=&#8221;center&#8221; global_colors_info=&#8221;{}&#8221;]<\/p>\n<p>Terapia culinar\u0103 \u00ee\u021bi ofer\u0103 un spa\u021biu sigur pentru a vindeca r\u0103nile emo\u021bionale prin procesul creativ al g\u0103titului \u0219i pentru a te exprima \u00eentr-un mod pozitiv.<\/p>\n<p>[\/et_pb_text][\/et_pb_column][et_pb_column type=&#8221;1_4&#8243; _builder_version=&#8221;4.20.0&#8243; _module_preset=&#8221;default&#8221; global_colors_info=&#8221;{}&#8221;][et_pb_image src=&#8221;http:\/\/cristina-hockl.de\/wp-content\/uploads\/2025\/05\/9.png&#8221; title_text=&#8221;9&#8243; _builder_version=&#8221;4.27.4&#8243; _module_preset=&#8221;default&#8221; locked=&#8221;off&#8221; global_colors_info=&#8221;{}&#8221;][\/et_pb_image][et_pb_text _builder_version=&#8221;4.20.0&#8243; _module_preset=&#8221;7359ef96-a939-4a05-baaa-66301eeb7720&#8243; text_orientation=&#8221;center&#8221; locked=&#8221;off&#8221; global_colors_info=&#8221;{}&#8221;]<\/p>\n<h4>Aten\u021bie \u0219i prezen\u021b\u0103<\/h4>\n<p>[\/et_pb_text][et_pb_text _builder_version=&#8221;4.27.4&#8243; _module_preset=&#8221;eca8604f-fe0b-4412-b9b0-e45dd868a091&#8243; text_text_color=&#8221;#442823&#8243; text_orientation=&#8221;center&#8221; global_colors_info=&#8221;{}&#8221;]<\/p>\n<p>Prin g\u0103titul con\u0219tient, \u00eenve\u021bi s\u0103 tr\u0103ie\u0219ti \u00een momentul prezent \u0219i s\u0103 integrezi aten\u021bia \u00een via\u021ba ta de zi cu zi, ceea ce reduce stresul \u0219i \u00ee\u021bi spore\u0219te starea de bine.<\/p>\n<p>[\/et_pb_text][\/et_pb_column][et_pb_column type=&#8221;1_4&#8243; _builder_version=&#8221;4.20.0&#8243; _module_preset=&#8221;default&#8221; global_colors_info=&#8221;{}&#8221;][et_pb_image src=&#8221;http:\/\/cristina-hockl.de\/wp-content\/uploads\/2025\/05\/13.png&#8221; title_text=&#8221;13&#8243; _builder_version=&#8221;4.27.4&#8243; _module_preset=&#8221;default&#8221; locked=&#8221;off&#8221; global_colors_info=&#8221;{}&#8221;][\/et_pb_image][et_pb_text _builder_version=&#8221;4.27.0&#8243; _module_preset=&#8221;7359ef96-a939-4a05-baaa-66301eeb7720&#8243; text_orientation=&#8221;center&#8221; locked=&#8221;off&#8221; global_colors_info=&#8221;{}&#8221;]<\/p>\n<h4>Autoeficacitate \u0219i stim\u0103 de sine<\/h4>\n<p>[\/et_pb_text][et_pb_text _builder_version=&#8221;4.27.4&#8243; _module_preset=&#8221;eca8604f-fe0b-4412-b9b0-e45dd868a091&#8243; text_text_color=&#8221;#442823&#8243; text_orientation=&#8221;center&#8221; global_colors_info=&#8221;{}&#8221;]<\/p>\n<p>Crearea a ceva propriu, cum ar fi un fel de m\u00e2ncare, \u00ee\u021bi \u00eent\u0103re\u0219te \u00eencrederea \u00een sine \u0219i sentimentul de a fi capabil \u0219i valoros.<\/p>\n<p>[\/et_pb_text][\/et_pb_column][et_pb_column type=&#8221;1_4&#8243; _builder_version=&#8221;4.20.0&#8243; _module_preset=&#8221;default&#8221; global_colors_info=&#8221;{}&#8221;][et_pb_image src=&#8221;http:\/\/cristina-hockl.de\/wp-content\/uploads\/2025\/05\/12.png&#8221; title_text=&#8221;12&#8243; _builder_version=&#8221;4.27.4&#8243; _module_preset=&#8221;default&#8221; global_colors_info=&#8221;{}&#8221;][\/et_pb_image][et_pb_text _builder_version=&#8221;4.27.0&#8243; _module_preset=&#8221;7359ef96-a939-4a05-baaa-66301eeb7720&#8243; text_orientation=&#8221;center&#8221; locked=&#8221;off&#8221; global_colors_info=&#8221;{}&#8221;]<\/p>\n<h4>Promovarea auto\u00eengrijirii<\/h4>\n<p>[\/et_pb_text][et_pb_text _builder_version=&#8221;4.27.4&#8243; _module_preset=&#8221;eca8604f-fe0b-4412-b9b0-e45dd868a091&#8243; text_text_color=&#8221;#442823&#8243; text_orientation=&#8221;center&#8221; global_colors_info=&#8221;{}&#8221;]<\/p>\n<p>Lu\u00e2ndu-\u021bi timp pentru a preg\u0103ti mese s\u0103n\u0103toase \u0219i nutritive, \u00ee\u021bi \u00eent\u0103re\u0219ti auto\u00eengrijirea \u0219i construie\u0219ti o rela\u021bie s\u0103n\u0103toas\u0103 cu tine \u00eensu\u021bi \u0219i cu corpul t\u0103u.<\/p>\n<p>[\/et_pb_text][\/et_pb_column][\/et_pb_row][\/et_pb_section][et_pb_section fb_built=&#8221;1&#8243; admin_label=&#8221;Steps&#8221; _builder_version=&#8221;4.20.0&#8243; _module_preset=&#8221;default&#8221; overflow-x=&#8221;hidden&#8221; overflow-y=&#8221;hidden&#8221; collapsed=&#8221;on&#8221; global_colors_info=&#8221;{}&#8221;][et_pb_row column_structure=&#8221;1_3,2_3&#8243; _builder_version=&#8221;4.20.0&#8243; _module_preset=&#8221;default&#8221; global_colors_info=&#8221;{}&#8221;][et_pb_column type=&#8221;1_3&#8243; _builder_version=&#8221;4.20.0&#8243; _module_preset=&#8221;default&#8221; global_colors_info=&#8221;{}&#8221;][et_pb_image src=&#8221;http:\/\/cristina-hockl.de\/wp-content\/uploads\/2024\/03\/coaching-2.png&#8221; title_text=&#8221;coaching-2&#8243; _builder_version=&#8221;4.20.0&#8243; _module_preset=&#8221;default&#8221; transform_translate=&#8221;-8vw|8vw&#8221; transform_translate_linked=&#8221;off&#8221; positioning=&#8221;absolute&#8221; position_origin_a=&#8221;bottom_left&#8221; width=&#8221;30%&#8221; global_colors_info=&#8221;{}&#8221;][\/et_pb_image][et_pb_text _builder_version=&#8221;4.27.4&#8243; _module_preset=&#8221;9b4efdcb-24e4-4b9a-9423-92f42c167a71&#8243; global_colors_info=&#8221;{}&#8221;]<\/p>\n<h2>Ce este terapia culinar\u0103?<\/h2>\n<p>[\/et_pb_text][et_pb_image src=&#8221;http:\/\/cristina-hockl.de\/wp-content\/uploads\/2024\/05\/mae-mu-rgRbqFweGF0-unsplash-scaled.jpg&#8221; title_text=&#8221;mae-mu-rgRbqFweGF0-unsplash&#8221; _builder_version=&#8221;4.27.4&#8243; _module_preset=&#8221;default&#8221; global_colors_info=&#8221;{}&#8221;][\/et_pb_image][\/et_pb_column][et_pb_column type=&#8221;2_3&#8243; _builder_version=&#8221;4.20.0&#8243; _module_preset=&#8221;default&#8221; global_colors_info=&#8221;{}&#8221;][et_pb_text _builder_version=&#8221;4.27.4&#8243; _module_preset=&#8221;eca8604f-fe0b-4412-b9b0-e45dd868a091&#8243; text_text_color=&#8221;#442823&#8243; global_colors_info=&#8221;{}&#8221;]<\/p>\n<p><strong>Terapia culinar\u0103<\/strong> este o <strong>abordare terapeutic\u0103 holistic\u0103<\/strong> care folose\u0219te <strong>g\u0103titul \u0219i nutri\u021bia<\/strong> ca mijloc de autocunoa\u0219tere \u0219i <strong>vindecare<\/strong>. Aceast\u0103 form\u0103 de <strong>terapie creativ\u0103<\/strong> apeleaz\u0103 la toate sim\u021burile \u0219i te ajut\u0103 s\u0103 te confrun\u021bi cu sentimentele \u0219i procesele tale interioare \u00eentr-un mod bl\u00e2nd \u0219i pl\u0103cut. Concentr\u00e2ndu-te pe <strong>prepararea de alimente s\u0103n\u0103toase<\/strong>, devii mai atent \u0219i \u00eenve\u021bi s\u0103 tr\u0103ie\u0219ti \u00een momentul prezent, ceea ce promoveaz\u0103 <strong>s\u0103n\u0103tatea mental\u0103 \u0219i emo\u021bional\u0103<\/strong>.  <\/p>\n<p>[\/et_pb_text][et_pb_text _builder_version=&#8221;4.27.4&#8243; _module_preset=&#8221;eca8604f-fe0b-4412-b9b0-e45dd868a091&#8243; text_text_color=&#8221;#442823&#8243; global_colors_info=&#8221;{}&#8221;]<\/p>\n<p><strong>Cum po\u021bi beneficia de terapia culinar\u0103?<\/strong><br \/>Terapia culinar\u0103 este potrivit\u0103 pentru oricine caut\u0103 o metod\u0103 creativ\u0103 \u0219i practic\u0103 de a se \u00een\u021belege mai bine \u0219i de a experimenta vindecarea la nivel emo\u021bional \u0219i spiritual. Indiferent dac\u0103 te confrun\u021bi cu durere, stres, anxietate sau o alt\u0103 problem\u0103 emo\u021bional\u0103, conexiunea cu hrana \u0219i g\u0103titul te poate ajuta s\u0103 descoperi o nou\u0103 modalitate de a-\u021bi spori starea de bine. <\/p>\n<p><strong>Sun\u0103-m\u0103 sau trimite un mesaj pentru a afla mai multe sau pentru a programa o \u00eent\u00e2lnire pentru prima ta sesiune de terapie culinar\u0103.<\/strong><\/p>\n<p>[\/et_pb_text][et_pb_button button_url=&#8221;https:\/\/calendly.com\/cristina-hockl-info\/30min?back&#8221; url_new_window=&#8221;on&#8221; button_text=&#8221;G\u0103se\u0219te o programare&#8221; button_alignment=&#8221;left&#8221; _builder_version=&#8221;4.27.4&#8243; _module_preset=&#8221;c78cd511-39fd-4234-bc70-e9adc07ddd80&#8243; button_text_color=&#8221;#E9EBE7&#8243; button_bg_color=&#8221;#884F45&#8243; locked=&#8221;off&#8221; global_colors_info=&#8221;{}&#8221;][\/et_pb_button][\/et_pb_column][\/et_pb_row][\/et_pb_section][et_pb_section fb_built=&#8221;1&#8243; admin_label=&#8221;Subscribe&#8221; _builder_version=&#8221;4.27.0&#8243; _module_preset=&#8221;default&#8221; use_background_color_gradient=&#8221;on&#8221; background_color_gradient_direction=&#8221;90deg&#8221; background_color_gradient_stops=&#8221;rgba(249,246,241,0.7) 0%|rgba(249,246,241,0.7) 100%&#8221; background_color_gradient_overlays_image=&#8221;on&#8221; background_enable_image=&#8221;off&#8221; saved_tabs=&#8221;all&#8221; collapsed=&#8221;on&#8221; global_colors_info=&#8221;{}&#8221;][et_pb_row _builder_version=&#8221;4.20.0&#8243; _module_preset=&#8221;default&#8221; max_width=&#8221;700px&#8221; global_colors_info=&#8221;{}&#8221;][et_pb_column type=&#8221;4_4&#8243; _builder_version=&#8221;4.20.0&#8243; _module_preset=&#8221;default&#8221; global_colors_info=&#8221;{}&#8221;][et_pb_text _builder_version=&#8221;4.27.4&#8243; _module_preset=&#8221;7359ef96-a939-4a05-baaa-66301eeb7720&#8243; text_orientation=&#8221;center&#8221; global_colors_info=&#8221;{}&#8221;]<\/p>\n<p class=\"p1\"><b>Cunoa\u0219tere gratuit\u0103<\/b><\/p>\n<p>[\/et_pb_text][et_pb_text _builder_version=&#8221;4.20.0&#8243; _module_preset=&#8221;9b4efdcb-24e4-4b9a-9423-92f42c167a71&#8243; text_orientation=&#8221;center&#8221; custom_margin=&#8221;||10px||false|false&#8221; global_colors_info=&#8221;{}&#8221;]<\/p>\n<h2>O conversa\u021bie personal\u0103 \u2013 Primul t\u0103u pas c\u0103tre o nou\u0103 claritate<\/h2>\n<p>[\/et_pb_text][et_pb_text _builder_version=&#8221;4.27.4&#8243; _module_preset=&#8221;f7aaf9eb-dc91-45bf-a3c3-bef1d7a4b2ea&#8221; text_text_color=&#8221;#442823&#8243; text_orientation=&#8221;center&#8221; global_colors_info=&#8221;{}&#8221;]<\/p>\n<p>S\u0103 afl\u0103m \u00eentr-o conversa\u021bie introductiv\u0103 f\u0103r\u0103 obliga\u021bii cum te pot sprijini pe drumul t\u0103u. \u00cempreun\u0103 vom g\u0103si cea mai bun\u0103 abordare pentru nevoile tale. <\/p>\n<p>[\/et_pb_text][et_pb_button button_url=&#8221;https:\/\/calendly.com\/cristina-hockl-info\/30min?back&#8221; url_new_window=&#8221;on&#8221; button_text=&#8221;G\u0103se\u0219te o programare&#8221; button_alignment=&#8221;center&#8221; _builder_version=&#8221;4.27.4&#8243; _module_preset=&#8221;bcacf3d5-2e4c-4e97-a26e-1f3d04254241&#8243; button_text_color=&#8221;#E9EBE7&#8243; button_bg_color=&#8221;#A5AC97&#8243; global_colors_info=&#8221;{}&#8221;][\/et_pb_button][\/et_pb_column][\/et_pb_row][\/et_pb_section][et_pb_section fb_built=&#8221;1&#8243; admin_label=&#8221;Subscribe&#8221; _builder_version=&#8221;4.27.4&#8243; _module_preset=&#8221;default&#8221; use_background_color_gradient=&#8221;on&#8221; background_color_gradient_direction=&#8221;90deg&#8221; background_color_gradient_stops=&#8221;rgba(249,246,241,0.83) 0%|rgba(249,246,241,0.87) 100%&#8221; background_color_gradient_overlays_image=&#8221;on&#8221; background_image=&#8221;http:\/\/cristina-hockl.de\/wp-content\/uploads\/2025\/05\/kulin-scaled.jpg&#8221; saved_tabs=&#8221;all&#8221; collapsed=&#8221;on&#8221; global_colors_info=&#8221;{}&#8221;][et_pb_row _builder_version=&#8221;4.20.0&#8243; _module_preset=&#8221;default&#8221; max_width=&#8221;700px&#8221; global_colors_info=&#8221;{}&#8221;][et_pb_column type=&#8221;4_4&#8243; _builder_version=&#8221;4.20.0&#8243; _module_preset=&#8221;default&#8221; global_colors_info=&#8221;{}&#8221;][et_pb_text _builder_version=&#8221;4.20.0&#8243; _module_preset=&#8221;7359ef96-a939-4a05-baaa-66301eeb7720&#8243; text_orientation=&#8221;center&#8221; global_colors_info=&#8221;{}&#8221;]<\/p>\n<h4>Abonare<\/h4>\n<p>[\/et_pb_text][et_pb_text _builder_version=&#8221;4.27.4&#8243; _module_preset=&#8221;9b4efdcb-24e4-4b9a-9423-92f42c167a71&#8243; header_2_text_color=&#8221;#442823&#8243; text_orientation=&#8221;center&#8221; custom_margin=&#8221;||10px||false|false&#8221; global_colors_info=&#8221;{}&#8221;]<\/p>\n<h2>Las\u0103-te inspirat \u2013 Impulsuri culinare pentru starea ta de bine<\/h2>\n<p>[\/et_pb_text][et_pb_text _builder_version=&#8221;4.27.4&#8243; _module_preset=&#8221;f7aaf9eb-dc91-45bf-a3c3-bef1d7a4b2ea&#8221; text_text_color=&#8221;#442823&#8243; text_orientation=&#8221;center&#8221; global_colors_info=&#8221;{}&#8221;]<\/p>\n<p>Prime\u0219te \u00een mod regulat sfaturi \u0219i re\u021bete valoroase care hr\u0103nesc corpul \u0219i sufletul. Aboneaz\u0103-te la newsletter-ul meu \u0219i descoper\u0103 cum g\u0103titul poate deveni terapie. <\/p>\n<p>[\/et_pb_text][et_pb_signup mailchimp_list=&#8221;add_new_account&#8221; mailchimp_account_name=&#8221;Cristina Hockl&#8221; mailchimp_api_key=&#8221;cd3246d18d8a69e11cbc956df8abc55a-us16&#8243; name_field=&#8221;on&#8221; _builder_version=&#8221;4.27.4&#8243; _module_preset=&#8221;d843b4ad-4127-4c74-b9f0-c942268d4970&#8243; locked=&#8221;off&#8221; global_colors_info=&#8221;{%22gcid-606d042f-c90f-4ea6-97e7-7b08f1ba25f6%22:%91%22button_bg_color%22,%22form_field_text_color%22,%22border_color_all%22%93}&#8221;][\/et_pb_signup][\/et_pb_column][\/et_pb_row][\/et_pb_section]<\/p>\n","protected":false},"excerpt":{"rendered":"<p>Terapie culinar\u0103Vindecare prin g\u0103tit \u0219i savoare\u00cen terapia culinar\u0103, puterile vindec\u0103toare ale hranei \u0219i aten\u021biei se combin\u0103 \u00eentr-o form\u0103 unic\u0103 de vindecare terapeutic\u0103. Prin g\u0103titul \u0219i savurarea con\u0219tient\u0103, nu numai c\u0103 este hr\u0103nit corpul, ci \u0219i sufletul. Aceast\u0103 form\u0103 de terapie te ajut\u0103 s\u0103 dep\u0103\u0219e\u0219ti blocajele emo\u021bionale, s\u0103 te \u00een\u021belegi mai bine \u0219i s\u0103 promovezi procesul [&hellip;]<\/p>\n","protected":false},"author":1,"featured_media":0,"parent":0,"menu_order":0,"comment_status":"closed","ping_status":"closed","template":"","meta":{"_et_pb_use_builder":"on","_et_pb_old_content":"","_et_gb_content_width":"","footnotes":""},"class_list":["post-615","page","type-page","status-publish","hentry"],"_links":{"self":[{"href":"https:\/\/cristina-hockl.de\/ro\/wp-json\/wp\/v2\/pages\/615","targetHints":{"allow":["GET"]}}],"collection":[{"href":"https:\/\/cristina-hockl.de\/ro\/wp-json\/wp\/v2\/pages"}],"about":[{"href":"https:\/\/cristina-hockl.de\/ro\/wp-json\/wp\/v2\/types\/page"}],"author":[{"embeddable":true,"href":"https:\/\/cristina-hockl.de\/ro\/wp-json\/wp\/v2\/users\/1"}],"replies":[{"embeddable":true,"href":"https:\/\/cristina-hockl.de\/ro\/wp-json\/wp\/v2\/comments?post=615"}],"version-history":[{"count":2,"href":"https:\/\/cristina-hockl.de\/ro\/wp-json\/wp\/v2\/pages\/615\/revisions"}],"predecessor-version":[{"id":618,"href":"https:\/\/cristina-hockl.de\/ro\/wp-json\/wp\/v2\/pages\/615\/revisions\/618"}],"wp:attachment":[{"href":"https:\/\/cristina-hockl.de\/ro\/wp-json\/wp\/v2\/media?parent=615"}],"curies":[{"name":"wp","href":"https:\/\/api.w.org\/{rel}","templated":true}]}}