{"id":589,"date":"2024-03-26T22:23:50","date_gmt":"2024-03-26T22:23:50","guid":{"rendered":"https:\/\/cristina-hockl.de\/consiliere-psihologica\/"},"modified":"2025-08-13T17:10:32","modified_gmt":"2025-08-13T17:10:32","slug":"consiliere-psihologica","status":"publish","type":"page","link":"https:\/\/cristina-hockl.de\/ro\/consiliere-psihologica\/","title":{"rendered":"Consiliere psihologic\u0103"},"content":{"rendered":"<p>[et_pb_section fb_built=&#8221;1&#8243; admin_label=&#8221;Service&#8221; _builder_version=&#8221;4.25.1&#8243; _module_preset=&#8221;default&#8221; use_background_color_gradient=&#8221;on&#8221; background_color_gradient_stops=&#8221;rgba(41,59,69,0.7) 0%|#293b45 99%&#8221; background_color_gradient_overlays_image=&#8221;on&#8221; background_image=&#8221;http:\/\/cristina-hockl.de\/wp-content\/uploads\/2024\/05\/jonatan-becerra-Frdj333dsuY-unsplash-scaled.jpg&#8221; collapsed=&#8221;on&#8221; global_colors_info=&#8221;{}&#8221;][et_pb_row _builder_version=&#8221;4.20.0&#8243; _module_preset=&#8221;default&#8221; global_colors_info=&#8221;{}&#8221;][et_pb_column type=&#8221;4_4&#8243; _builder_version=&#8221;4.20.0&#8243; _module_preset=&#8221;default&#8221; global_colors_info=&#8221;{}&#8221;][et_pb_text _builder_version=&#8221;4.20.0&#8243; _module_preset=&#8221;7359ef96-a939-4a05-baaa-66301eeb7720&#8243; header_4_text_color=&#8221;gcid-7a02f245-10cf-4ba2-ac73-385345b5f54a&#8221; text_orientation=&#8221;center&#8221; global_colors_info=&#8221;{%22gcid-7a02f245-10cf-4ba2-ac73-385345b5f54a%22:%91%22header_4_text_color%22%93}&#8221;]<\/p>\n<h4>Consiliere psihologic\u0103<\/h4>\n<p>[\/et_pb_text][et_pb_text _builder_version=&#8221;4.20.0&#8243; _module_preset=&#8221;9b4efdcb-24e4-4b9a-9423-92f42c167a71&#8243; header_2_text_color=&#8221;#FFFFFF&#8221; text_orientation=&#8221;center&#8221; custom_margin=&#8221;||10px||false|false&#8221; global_colors_info=&#8221;{}&#8221;]<\/p>\n<h2>Calea ta c\u0103tre for\u021ba interioar\u0103 \u0219i claritate<\/h2>\n<p>[\/et_pb_text][et_pb_button button_url=&#8221;https:\/\/calendly.com\/cristina-hockl-info\/30min?back&#8221; url_new_window=&#8221;on&#8221; button_text=&#8221;Programeaz\u0103 acum o discu\u021bie gratuit\u0103&#8221; button_alignment=&#8221;center&#8221; _builder_version=&#8221;4.27.4&#8243; _module_preset=&#8221;c78cd511-39fd-4234-bc70-e9adc07ddd80&#8243; locked=&#8221;off&#8221; global_colors_info=&#8221;{}&#8221;][\/et_pb_button][\/et_pb_column][\/et_pb_row][\/et_pb_section][et_pb_section fb_built=&#8221;1&#8243; admin_label=&#8221;Features&#8221; _builder_version=&#8221;4.20.0&#8243; _module_preset=&#8221;default&#8221; background_color=&#8221;gcid-1c7f682d-c09a-42e9-8b1c-535ba676533f&#8221; collapsed=&#8221;on&#8221; global_colors_info=&#8221;{%22gcid-1c7f682d-c09a-42e9-8b1c-535ba676533f%22:%91%22background_color%22%93}&#8221;][et_pb_row _builder_version=&#8221;4.20.0&#8243; _module_preset=&#8221;default&#8221; max_width=&#8221;800px&#8221; global_colors_info=&#8221;{}&#8221;][et_pb_column type=&#8221;4_4&#8243; _builder_version=&#8221;4.20.0&#8243; _module_preset=&#8221;default&#8221; global_colors_info=&#8221;{}&#8221;][et_pb_text _builder_version=&#8221;4.27.4&#8243; _module_preset=&#8221;f7aaf9eb-dc91-45bf-a3c3-bef1d7a4b2ea&#8221; text_text_color=&#8221;#442823&#8243; text_orientation=&#8221;center&#8221; global_colors_info=&#8221;{}&#8221;]<\/p>\n<h3><strong>Ce este consilierea pentru dezvoltare personal\u0103?<\/strong><\/h3>\n<p>Consilierea pentru dezvoltare personal\u0103 v\u0103 ofer\u0103 sprijin profesional pentru a dep\u0103\u0219i provoc\u0103rile emo\u021bionale, mentale \u0219i cotidiene. Prin consulta\u021bii individualizate \u0219i metode terapeutice dovedite, te ajut s\u0103 \u00ee\u021bi \u00een\u021belegi problemele, s\u0103 g\u0103se\u0219ti solu\u021bii \u0219i s\u0103 trasezi o cale mai clar\u0103 de urmat.<\/p>\n<p>[\/et_pb_text][\/et_pb_column][\/et_pb_row][et_pb_row column_structure=&#8221;1_4,1_4,1_4,1_4&#8243; _builder_version=&#8221;4.20.0&#8243; _module_preset=&#8221;default&#8221; locked=&#8221;off&#8221; global_colors_info=&#8221;{}&#8221;][et_pb_column type=&#8221;1_4&#8243; _builder_version=&#8221;4.20.0&#8243; _module_preset=&#8221;default&#8221; global_colors_info=&#8221;{}&#8221;][et_pb_image src=&#8221;http:\/\/cristina-hockl.de\/wp-content\/uploads\/2025\/05\/10.png&#8221; title_text=&#8221;10&#8243; _builder_version=&#8221;4.27.4&#8243; _module_preset=&#8221;default&#8221; locked=&#8221;off&#8221; global_colors_info=&#8221;{}&#8221;][\/et_pb_image][et_pb_text _builder_version=&#8221;4.20.0&#8243; _module_preset=&#8221;7359ef96-a939-4a05-baaa-66301eeb7720&#8243; text_orientation=&#8221;center&#8221; locked=&#8221;off&#8221; global_colors_info=&#8221;{}&#8221;]<\/p>\n<h4>Ob\u021binerea clarit\u0103\u021bii<\/h4>\n<p>[\/et_pb_text][et_pb_text _builder_version=&#8221;4.27.4&#8243; _module_preset=&#8221;eca8604f-fe0b-4412-b9b0-e45dd868a091&#8243; text_text_color=&#8221;#442823&#8243; text_orientation=&#8221;center&#8221; global_colors_info=&#8221;{}&#8221;]<\/p>\n<p>Prin conversa\u021bii \u0219i analize specifice, \u00ee\u021bi po\u021bi organiza g\u00e2ndurile, sentimentele \u0219i po\u021bi ob\u021bine o mai bun\u0103 \u00een\u021belegere a situa\u021biei tale.<\/p>\n<p>[\/et_pb_text][\/et_pb_column][et_pb_column type=&#8221;1_4&#8243; _builder_version=&#8221;4.20.0&#8243; _module_preset=&#8221;default&#8221; global_colors_info=&#8221;{}&#8221;][et_pb_image src=&#8221;http:\/\/cristina-hockl.de\/wp-content\/uploads\/2025\/05\/9.png&#8221; title_text=&#8221;9&#8243; _builder_version=&#8221;4.27.4&#8243; _module_preset=&#8221;default&#8221; locked=&#8221;off&#8221; global_colors_info=&#8221;{}&#8221;][\/et_pb_image][et_pb_text _builder_version=&#8221;4.27.0&#8243; _module_preset=&#8221;7359ef96-a939-4a05-baaa-66301eeb7720&#8243; text_orientation=&#8221;center&#8221; locked=&#8221;off&#8221; global_colors_info=&#8221;{}&#8221;]<\/p>\n<h4>Sprijin emo\u021bional<\/h4>\n<p>[\/et_pb_text][et_pb_text _builder_version=&#8221;4.27.4&#8243; _module_preset=&#8221;eca8604f-fe0b-4412-b9b0-e45dd868a091&#8243; text_text_color=&#8221;#442823&#8243; text_orientation=&#8221;center&#8221; global_colors_info=&#8221;{}&#8221;]<\/p>\n<p>\u00ce\u021bi ofer un mediu sigur \u0219i empatic pentru a discuta deschis despre grijile \u0219i temerile tale \u0219i pentru a-\u021bi construi for\u021ba emo\u021bional\u0103.<\/p>\n<p>[\/et_pb_text][\/et_pb_column][et_pb_column type=&#8221;1_4&#8243; _builder_version=&#8221;4.20.0&#8243; _module_preset=&#8221;default&#8221; global_colors_info=&#8221;{}&#8221;][et_pb_image src=&#8221;http:\/\/cristina-hockl.de\/wp-content\/uploads\/2025\/05\/13.png&#8221; title_text=&#8221;13&#8243; _builder_version=&#8221;4.27.4&#8243; _module_preset=&#8221;default&#8221; locked=&#8221;off&#8221; global_colors_info=&#8221;{}&#8221;][\/et_pb_image][et_pb_text _builder_version=&#8221;4.27.0&#8243; _module_preset=&#8221;7359ef96-a939-4a05-baaa-66301eeb7720&#8243; text_orientation=&#8221;center&#8221; locked=&#8221;off&#8221; global_colors_info=&#8221;{}&#8221;]<\/p>\n<h4>Strategii eficiente de solu\u021bionare<\/h4>\n<p>[\/et_pb_text][et_pb_text _builder_version=&#8221;4.27.4&#8243; _module_preset=&#8221;eca8604f-fe0b-4412-b9b0-e45dd868a091&#8243; text_text_color=&#8221;#442823&#8243; text_orientation=&#8221;center&#8221; global_colors_info=&#8221;{}&#8221;]<\/p>\n<p>\u00ce\u021bi ofer un mediu sigur \u0219i empatic \u00een care s\u0103 discu\u021bi deschis despre grijile, temerile tale \u0219i s\u0103-\u021bi dezvol\u021bi inteligen\u021ba emo\u021bional\u0103.<\/p>\n<p>[\/et_pb_text][\/et_pb_column][et_pb_column type=&#8221;1_4&#8243; _builder_version=&#8221;4.20.0&#8243; _module_preset=&#8221;default&#8221; global_colors_info=&#8221;{}&#8221;][et_pb_image src=&#8221;http:\/\/cristina-hockl.de\/wp-content\/uploads\/2025\/05\/8.png&#8221; title_text=&#8221;8&#8243; _builder_version=&#8221;4.27.4&#8243; _module_preset=&#8221;default&#8221; global_colors_info=&#8221;{}&#8221;][\/et_pb_image][et_pb_text _builder_version=&#8221;4.27.0&#8243; _module_preset=&#8221;7359ef96-a939-4a05-baaa-66301eeb7720&#8243; text_orientation=&#8221;center&#8221; locked=&#8221;off&#8221; global_colors_info=&#8221;{}&#8221;]<\/p>\n<h4>Dezvoltare personal\u0103<\/h4>\n<p>[\/et_pb_text][et_pb_text _builder_version=&#8221;4.27.4&#8243; _module_preset=&#8221;eca8604f-fe0b-4412-b9b0-e45dd868a091&#8243; text_text_color=&#8221;#442823&#8243; text_orientation=&#8221;center&#8221; global_colors_info=&#8221;{}&#8221;]<\/p>\n<p>Consilierea te sprijin\u0103 \u00een atingerea obiectivelor personale, \u00een consolidarea \u00eencrederii \u00een sine \u0219i \u00een \u00eembun\u0103t\u0103\u021birea calit\u0103\u021bii vie\u021bii.<\/p>\n<p>[\/et_pb_text][\/et_pb_column][\/et_pb_row][\/et_pb_section][et_pb_section fb_built=&#8221;1&#8243; admin_label=&#8221;Steps&#8221; _builder_version=&#8221;4.20.0&#8243; _module_preset=&#8221;default&#8221; overflow-x=&#8221;hidden&#8221; overflow-y=&#8221;hidden&#8221; collapsed=&#8221;on&#8221; global_colors_info=&#8221;{}&#8221;][et_pb_row _builder_version=&#8221;4.20.0&#8243; _module_preset=&#8221;default&#8221; global_colors_info=&#8221;{}&#8221;][et_pb_column type=&#8221;4_4&#8243; _builder_version=&#8221;4.20.0&#8243; _module_preset=&#8221;default&#8221; global_colors_info=&#8221;{}&#8221;][et_pb_image src=&#8221;http:\/\/cristina-hockl.de\/wp-content\/uploads\/2024\/03\/coaching-2.png&#8221; title_text=&#8221;coaching-2&#8243; _builder_version=&#8221;4.20.0&#8243; _module_preset=&#8221;default&#8221; transform_translate=&#8221;-8vw|8vw&#8221; transform_translate_linked=&#8221;off&#8221; positioning=&#8221;absolute&#8221; position_origin_a=&#8221;bottom_left&#8221; width=&#8221;30%&#8221; global_colors_info=&#8221;{}&#8221;][\/et_pb_image][et_pb_text _builder_version=&#8221;4.27.4&#8243; _module_preset=&#8221;9b4efdcb-24e4-4b9a-9423-92f42c167a71&#8243; header_2_text_color=&#8221;#442823&#8243; global_colors_info=&#8221;{}&#8221;]<\/p>\n<h2 style=\"text-align: center;\">Cum func\u021bioneaz\u0103 consilierea pentru dezvoltare personala?<\/h2>\n<p>[\/et_pb_text][\/et_pb_column][\/et_pb_row][et_pb_row column_structure=&#8221;1_4,1_4,1_4,1_4&#8243; _builder_version=&#8221;4.20.0&#8243; _module_preset=&#8221;default&#8221; max_width=&#8221;800px&#8221; global_colors_info=&#8221;{}&#8221;][et_pb_column type=&#8221;1_4&#8243; _builder_version=&#8221;4.20.0&#8243; _module_preset=&#8221;default&#8221; global_colors_info=&#8221;{}&#8221;][et_pb_image src=&#8221;http:\/\/cristina-hockl.de\/wp-content\/uploads\/2025\/05\/14.png&#8221; title_text=&#8221;14&#8243; _builder_version=&#8221;4.27.4&#8243; _module_preset=&#8221;default&#8221; global_colors_info=&#8221;{}&#8221;][\/et_pb_image][et_pb_text _builder_version=&#8221;4.27.4&#8243; _module_preset=&#8221;f7aaf9eb-dc91-45bf-a3c3-bef1d7a4b2ea&#8221; text_text_color=&#8221;#442823&#8243; text_orientation=&#8221;center&#8221; global_colors_info=&#8221;{}&#8221;]<\/p>\n<p style=\"text-align: center;\">\u00cen <strong>prima consulta\u021bie<\/strong>, vom clarifica preocup\u0103rile \u0219i obiectivele tale pentru a determina abordarea potrivit\u0103 pentru situa\u021bia ta.<\/p>\n<ol style=\"text-align: left;\"><\/ol>\n<p>[\/et_pb_text][\/et_pb_column][et_pb_column type=&#8221;1_4&#8243; _builder_version=&#8221;4.20.0&#8243; _module_preset=&#8221;default&#8221; global_colors_info=&#8221;{}&#8221;][et_pb_image src=&#8221;http:\/\/cristina-hockl.de\/wp-content\/uploads\/2025\/05\/15.png&#8221; title_text=&#8221;15&#8243; _builder_version=&#8221;4.27.4&#8243; _module_preset=&#8221;default&#8221; global_colors_info=&#8221;{}&#8221;][\/et_pb_image][et_pb_text _builder_version=&#8221;4.27.4&#8243; _module_preset=&#8221;f7aaf9eb-dc91-45bf-a3c3-bef1d7a4b2ea&#8221; text_text_color=&#8221;#442823&#8243; text_orientation=&#8221;center&#8221; global_colors_info=&#8221;{}&#8221;]<\/p>\n<p style=\"text-align: center;\"><strong>\u0218edin\u021be individuale:<\/strong><br \/>Prin \u0219edin\u021be de consiliere regulate, lucr\u0103m la provoc\u0103rile tale specifice \u0219i dezvolt\u0103m \u00eempreun\u0103 solu\u021bii.<\/p>\n<ol style=\"text-align: left;\"><\/ol>\n<p>[\/et_pb_text][\/et_pb_column][et_pb_column type=&#8221;1_4&#8243; _builder_version=&#8221;4.20.0&#8243; _module_preset=&#8221;default&#8221; global_colors_info=&#8221;{}&#8221;][et_pb_image src=&#8221;http:\/\/cristina-hockl.de\/wp-content\/uploads\/2025\/05\/16.png&#8221; title_text=&#8221;16&#8243; _builder_version=&#8221;4.27.4&#8243; _module_preset=&#8221;default&#8221; global_colors_info=&#8221;{}&#8221;][\/et_pb_image][et_pb_text _builder_version=&#8221;4.27.4&#8243; _module_preset=&#8221;f7aaf9eb-dc91-45bf-a3c3-bef1d7a4b2ea&#8221; text_text_color=&#8221;#442823&#8243; text_orientation=&#8221;center&#8221; global_colors_info=&#8221;{}&#8221;]<\/p>\n<p><strong>Metode orientate spre obiective:<\/strong><br \/>Folosesc metode \u0219i instrumente terapeutice dovedite pentru a-\u021bi sprijini progresul \u0219i a-\u021bi atinge obiectivele.<\/p>\n<ol style=\"text-align: left;\"><\/ol>\n<p>[\/et_pb_text][\/et_pb_column][et_pb_column type=&#8221;1_4&#8243; _builder_version=&#8221;4.20.0&#8243; _module_preset=&#8221;default&#8221; global_colors_info=&#8221;{}&#8221;][et_pb_image src=&#8221;http:\/\/cristina-hockl.de\/wp-content\/uploads\/2025\/05\/17.png&#8221; title_text=&#8221;17&#8243; _builder_version=&#8221;4.27.4&#8243; _module_preset=&#8221;default&#8221; global_colors_info=&#8221;{}&#8221;][\/et_pb_image][et_pb_text _builder_version=&#8221;4.27.4&#8243; _module_preset=&#8221;f7aaf9eb-dc91-45bf-a3c3-bef1d7a4b2ea&#8221; text_text_color=&#8221;#442823&#8243; text_orientation=&#8221;center&#8221; global_colors_info=&#8221;{}&#8221;]<\/p>\n<p><strong>Schimbare durabil\u0103:<\/strong><br \/>Scopul meu este s\u0103-\u021bi ofer nu doar ajutor pe termen scurt, ci \u0219i strategii pe termen lung pentru o schimbare pozitiv\u0103 \u00een via\u021ba ta.<\/p>\n<p>[\/et_pb_text][\/et_pb_column][\/et_pb_row][et_pb_row column_structure=&#8221;1_2,1_2&#8243; _builder_version=&#8221;4.27.4&#8243; _module_preset=&#8221;default&#8221; global_colors_info=&#8221;{}&#8221;][et_pb_column type=&#8221;1_2&#8243; _builder_version=&#8221;4.27.4&#8243; _module_preset=&#8221;default&#8221; global_colors_info=&#8221;{}&#8221;][et_pb_text _builder_version=&#8221;4.27.4&#8243; _module_preset=&#8221;f7aaf9eb-dc91-45bf-a3c3-bef1d7a4b2ea&#8221; text_text_color=&#8221;#442823&#8243; text_orientation=&#8221;center&#8221; global_colors_info=&#8221;{}&#8221;]<\/p>\n<h3 style=\"text-align: left;\"><\/h3>\n<h3 style=\"text-align: left;\"><strong>De ce consiliere pentru dezvoltare personal\u0103?<\/strong><\/h3>\n<p style=\"text-align: left;\"><strong data-start=\"113\" data-end=\"234\"><\/strong><\/p>\n<p style=\"text-align: left;\"><strong data-start=\"113\" data-end=\"234\">Consilierea pentru dezvoltare personal\u0103 \u00ee\u021bi ofer\u0103 oportunitatea de a restabili claritatea, stabilitatea \u0219i direc\u021bia \u00een via\u021ba ta.<\/strong> Te sus\u021bin \u00een sortarea g\u00e2ndurilor apasatoare, dep\u0103\u0219irea blocajelor emo\u021bionale \u0219i dezvoltarea de noi perspective. Printr-o abordare structurat\u0103, dar empatic\u0103, te ajut s\u0103-\u021bi redescoperi propriile resurse &#8211; astfel \u00eenc\u00e2t s\u0103 te po\u021bi \u00een\u021belege mai bine \u0219i s\u0103-\u021bi urmezi calea cu mai mult\u0103 for\u021b\u0103.<\/p>\n<p>[\/et_pb_text][\/et_pb_column][et_pb_column type=&#8221;1_2&#8243; _builder_version=&#8221;4.27.4&#8243; _module_preset=&#8221;default&#8221; global_colors_info=&#8221;{}&#8221;][et_pb_image src=&#8221;http:\/\/cristina-hockl.de\/wp-content\/uploads\/2024\/05\/jonatan-becerra-Frdj333dsuY-unsplash-scaled.jpg&#8221; title_text=&#8221;jonatan-becerra-Frdj333dsuY-unsplash&#8221; _builder_version=&#8221;4.27.4&#8243; _module_preset=&#8221;default&#8221; global_colors_info=&#8221;{}&#8221;][\/et_pb_image][\/et_pb_column][\/et_pb_row][\/et_pb_section][et_pb_section fb_built=&#8221;1&#8243; admin_label=&#8221;Subscribe&#8221; _builder_version=&#8221;4.27.0&#8243; _module_preset=&#8221;default&#8221; background_color=&#8221;#e0d9ce&#8221; use_background_color_gradient=&#8221;on&#8221; background_color_gradient_direction=&#8221;90deg&#8221; background_color_gradient_stops=&#8221;rgba(249,246,241,0.7) 0%|rgba(249,246,241,0.7) 100%&#8221; background_color_gradient_overlays_image=&#8221;on&#8221; background_enable_image=&#8221;off&#8221; saved_tabs=&#8221;all&#8221; collapsed=&#8221;on&#8221; global_colors_info=&#8221;{}&#8221;][et_pb_row _builder_version=&#8221;4.20.0&#8243; _module_preset=&#8221;default&#8221; max_width=&#8221;700px&#8221; global_colors_info=&#8221;{}&#8221;][et_pb_column type=&#8221;4_4&#8243; _builder_version=&#8221;4.27.4&#8243; _module_preset=&#8221;default&#8221; global_colors_info=&#8221;{}&#8221;][et_pb_text _builder_version=&#8221;4.27.0&#8243; _module_preset=&#8221;7359ef96-a939-4a05-baaa-66301eeb7720&#8243; text_orientation=&#8221;center&#8221; global_colors_info=&#8221;{}&#8221;]<\/p>\n<h4>Consulta\u021bie ini\u021bial\u0103 gratuit\u0103<\/h4>\n<p>[\/et_pb_text][et_pb_text _builder_version=&#8221;4.20.0&#8243; _module_preset=&#8221;9b4efdcb-24e4-4b9a-9423-92f42c167a71&#8243; text_orientation=&#8221;center&#8221; custom_margin=&#8221;||10px||false|false&#8221; global_colors_info=&#8221;{}&#8221;]<\/p>\n<h2>D\u0103-\u021bi \u0219ansa unor perspective noi <\/h2>\n<p>[\/et_pb_text][et_pb_text _builder_version=&#8221;4.27.4&#8243; _module_preset=&#8221;f7aaf9eb-dc91-45bf-a3c3-bef1d7a4b2ea&#8221; text_text_color=&#8221;#884F45&#8243; header_text_color=&#8221;#884F45&#8243; text_orientation=&#8221;center&#8221; global_colors_info=&#8221;{}&#8221;]<\/p>\n<p>\u00centr-o consulta\u021bie ini\u021bial\u0103 gratuit\u0103, vom afla \u00eempreun\u0103 de ce ai nevoie \u0219i cum te pot sprijini \u00een c\u0103l\u0103toria ta<\/p>\n<p>[\/et_pb_text][et_pb_button button_url=&#8221;https:\/\/calendly.com\/cristina-hockl-info\/30min?back&#8221; url_new_window=&#8221;on&#8221; button_text=&#8221;G\u0103se\u0219te o programare&#8221; button_alignment=&#8221;center&#8221; _builder_version=&#8221;4.27.4&#8243; _module_preset=&#8221;c78cd511-39fd-4234-bc70-e9adc07ddd80&#8243; locked=&#8221;off&#8221; global_colors_info=&#8221;{}&#8221;][\/et_pb_button][\/et_pb_column][\/et_pb_row][\/et_pb_section][et_pb_section fb_built=&#8221;1&#8243; admin_label=&#8221;Subscribe&#8221; _builder_version=&#8221;4.27.4&#8243; _module_preset=&#8221;default&#8221; use_background_color_gradient=&#8221;on&#8221; background_color_gradient_direction=&#8221;90deg&#8221; background_color_gradient_stops=&#8221;#f9f6f1 0%|rgba(249,246,241,0.89) 99%&#8221; background_color_gradient_overlays_image=&#8221;on&#8221; background_image=&#8221;http:\/\/cristina-hockl.de\/wp-content\/uploads\/2024\/05\/jess-moe-PbUzvmAmXmk-unsplash-scaled.jpg&#8221; saved_tabs=&#8221;all&#8221; collapsed=&#8221;on&#8221; global_colors_info=&#8221;{}&#8221;][et_pb_row _builder_version=&#8221;4.20.0&#8243; _module_preset=&#8221;default&#8221; max_width=&#8221;700px&#8221; global_colors_info=&#8221;{}&#8221;][et_pb_column type=&#8221;4_4&#8243; _builder_version=&#8221;4.20.0&#8243; _module_preset=&#8221;default&#8221; global_colors_info=&#8221;{}&#8221;][et_pb_text _builder_version=&#8221;4.20.0&#8243; _module_preset=&#8221;7359ef96-a939-4a05-baaa-66301eeb7720&#8243; text_orientation=&#8221;center&#8221; global_colors_info=&#8221;{}&#8221;]<\/p>\n<h4>Abonare<\/h4>\n<p>[\/et_pb_text][et_pb_text _builder_version=&#8221;4.27.4&#8243; _module_preset=&#8221;9b4efdcb-24e4-4b9a-9423-92f42c167a71&#8243; header_2_text_color=&#8221;#442823&#8243; text_orientation=&#8221;center&#8221; custom_margin=&#8221;||10px||false|false&#8221; global_colors_info=&#8221;{}&#8221;]<\/p>\n<h2>Prime\u0219te sfaturi valoroase direct \u00een c\u0103su\u021ba ta po\u0219tal\u0103!<\/h2>\n<p>[\/et_pb_text][et_pb_text _builder_version=&#8221;4.27.4&#8243; _module_preset=&#8221;f7aaf9eb-dc91-45bf-a3c3-bef1d7a4b2ea&#8221; text_text_color=&#8221;#884F45&#8243; text_orientation=&#8221;center&#8221; global_colors_info=&#8221;{}&#8221;]<\/p>\n<p>\u00censcrie-te la newsletter-ul meu \u0219i fii mereu informat despre cele mai recente descoperiri, sfaturi utile \u0219i oferte exclusive. Newsletter-ul meu \u00ee\u021bi ofer\u0103 \u00een mod regulat inspira\u021bie \u0219i sprijin pentru a-\u021bi atinge obiectivele \u0219i a-\u021bi \u00eembog\u0103\u021bi via\u021ba.<\/p>\n<p>&nbsp;<\/p>\n<p>[\/et_pb_text][et_pb_signup mailchimp_list=&#8221;add_new_account&#8221; mailchimp_account_name=&#8221;Cristina Hockl&#8221; mailchimp_api_key=&#8221;cd3246d18d8a69e11cbc956df8abc55a-us16&#8243; name_field=&#8221;on&#8221; _builder_version=&#8221;4.27.4&#8243; _module_preset=&#8221;d843b4ad-4127-4c74-b9f0-c942268d4970&#8243; locked=&#8221;off&#8221; global_colors_info=&#8221;{%22gcid-606d042f-c90f-4ea6-97e7-7b08f1ba25f6%22:%91%22button_bg_color%22,%22form_field_text_color%22,%22border_color_all%22%93}&#8221;][\/et_pb_signup][\/et_pb_column][\/et_pb_row][\/et_pb_section]<\/p>\n","protected":false},"excerpt":{"rendered":"<p>Consiliere psihologic\u0103Calea ta c\u0103tre for\u021ba interioar\u0103 \u0219i claritateCe este consilierea pentru dezvoltare personal\u0103? Consilierea pentru dezvoltare personal\u0103 v\u0103 ofer\u0103 sprijin profesional pentru a dep\u0103\u0219i provoc\u0103rile emo\u021bionale, mentale \u0219i cotidiene. Prin consulta\u021bii individualizate \u0219i metode terapeutice dovedite, te ajut s\u0103 \u00ee\u021bi \u00een\u021belegi problemele, s\u0103 g\u0103se\u0219ti solu\u021bii \u0219i s\u0103 trasezi o cale mai clar\u0103 de urmat.Ob\u021binerea clarit\u0103\u021biiPrin [&hellip;]<\/p>\n","protected":false},"author":1,"featured_media":0,"parent":0,"menu_order":0,"comment_status":"closed","ping_status":"closed","template":"","meta":{"_et_pb_use_builder":"on","_et_pb_old_content":"","_et_gb_content_width":"","footnotes":""},"class_list":["post-589","page","type-page","status-publish","hentry"],"_links":{"self":[{"href":"https:\/\/cristina-hockl.de\/ro\/wp-json\/wp\/v2\/pages\/589","targetHints":{"allow":["GET"]}}],"collection":[{"href":"https:\/\/cristina-hockl.de\/ro\/wp-json\/wp\/v2\/pages"}],"about":[{"href":"https:\/\/cristina-hockl.de\/ro\/wp-json\/wp\/v2\/types\/page"}],"author":[{"embeddable":true,"href":"https:\/\/cristina-hockl.de\/ro\/wp-json\/wp\/v2\/users\/1"}],"replies":[{"embeddable":true,"href":"https:\/\/cristina-hockl.de\/ro\/wp-json\/wp\/v2\/comments?post=589"}],"version-history":[{"count":2,"href":"https:\/\/cristina-hockl.de\/ro\/wp-json\/wp\/v2\/pages\/589\/revisions"}],"predecessor-version":[{"id":592,"href":"https:\/\/cristina-hockl.de\/ro\/wp-json\/wp\/v2\/pages\/589\/revisions\/592"}],"wp:attachment":[{"href":"https:\/\/cristina-hockl.de\/ro\/wp-json\/wp\/v2\/media?parent=589"}],"curies":[{"name":"wp","href":"https:\/\/api.w.org\/{rel}","templated":true}]}}