{"id":585,"date":"2024-03-26T22:16:55","date_gmt":"2024-03-26T22:16:55","guid":{"rendered":"https:\/\/cristina-hockl.de\/despre-mine\/"},"modified":"2025-08-13T16:49:33","modified_gmt":"2025-08-13T16:49:33","slug":"despre-mine","status":"publish","type":"page","link":"https:\/\/cristina-hockl.de\/ro\/despre-mine\/","title":{"rendered":"Despre mine"},"content":{"rendered":"<p>[et_pb_section fb_built=&#8221;1&#8243; admin_label=&#8221;Header&#8221; _builder_version=&#8221;4.24.2&#8243; _module_preset=&#8221;default&#8221; background_color=&#8221;#e0e0d8&#8243; use_background_color_gradient=&#8221;on&#8221; background_color_gradient_direction=&#8221;90deg&#8221; background_color_gradient_stops=&#8221;rgba(255,255,255,0) 37%|#ffffff 37%&#8221; background_color_gradient_overlays_image=&#8221;on&#8221; background_enable_image=&#8221;off&#8221; background_last_edited=&#8221;on|desktop&#8221; background_color_gradient_direction_tablet=&#8221;-180deg&#8221; locked=&#8221;off&#8221; collapsed=&#8221;on&#8221; global_colors_info=&#8221;{}&#8221;][et_pb_row column_structure=&#8221;1_3,2_3&#8243; _builder_version=&#8221;4.20.0&#8243; _module_preset=&#8221;default&#8221; global_colors_info=&#8221;{}&#8221;][et_pb_column type=&#8221;1_3&#8243; _builder_version=&#8221;4.20.0&#8243; _module_preset=&#8221;default&#8221; global_colors_info=&#8221;{}&#8221;][et_pb_image src=&#8221;http:\/\/cristina-hockl.de\/wp-content\/uploads\/2024\/03\/Screenshot-2024-03-27-at-5.24.32\u202fPM.png&#8221; title_text=&#8221;Captur\u0103 de ecran 2024-03-27 la 5.24.32 PM&#8221; _builder_version=&#8221;4.24.2&#8243; _module_preset=&#8221;default&#8221; max_height_tablet=&#8221;300px&#8221; max_height_phone=&#8221;300px&#8221; max_height_last_edited=&#8221;on|tablet&#8221; global_colors_info=&#8221;{}&#8221;][\/et_pb_image][\/et_pb_column][et_pb_column type=&#8221;2_3&#8243; _builder_version=&#8221;4.20.0&#8243; _module_preset=&#8221;default&#8221; global_colors_info=&#8221;{}&#8221;][et_pb_text _builder_version=&#8221;4.27.0&#8243; _module_preset=&#8221;ed92ecbd-0832-4397-920e-b49a8b0c7728&#8243; global_colors_info=&#8221;{}&#8221;]<\/p>\n<h4>Despre mine<\/h4>\n<p>[\/et_pb_text][et_pb_text _builder_version=&#8221;4.27.4&#8243; _module_preset=&#8221;aa5d9e11-f969-43a1-9353-ee0c4c4e6323&#8243; header_text_color=&#8221;#884F45&#8243; global_colors_info=&#8221;{}&#8221;]<\/p>\n<h1>C\u0103l\u0103toria mea, experien\u021ba mea \u2013 sprijinul t\u0103u<\/h1>\n<p>[\/et_pb_text][et_pb_text _builder_version=&#8221;4.27.4&#8243; _module_preset=&#8221;147e4ec0-af68-466f-82bf-64a63ba8a3c2&#8243; text_text_color=&#8221;#442823&#8243; global_colors_info=&#8221;{}&#8221;]<\/p>\n<p>Cu peste 40 de ani de experien\u021b\u0103 \u00een activitatea cu oamenii \u0219i un background intercultural care m-a purtat prin diferite \u021b\u0103ri \u0219i culturi, aduc o \u00een\u021belegere profund\u0103 \u0219i o abordare plin\u0103 de compasiune \u00een munca mea de consilier pentru dezvoltare personal\u0103, consilier pentru persoane \u00eendoliate si \u00een domeniile psihogenealogiei \u0219i terapiei transgenera\u021bionale.<\/p>\n<p>[\/et_pb_text][et_pb_image src=&#8221;http:\/\/cristina-hockl.de\/wp-content\/uploads\/2024\/03\/laura-fuhrman-73OJLcahQHg-unsplash-scaled.jpg&#8221; title_text=&#8221;laura-fuhrman-73OJLcahQHg-unsplash&#8221; _builder_version=&#8221;4.24.2&#8243; _module_preset=&#8221;default&#8221; locked=&#8221;off&#8221; global_colors_info=&#8221;{}&#8221;][\/et_pb_image][et_pb_text _builder_version=&#8221;4.27.4&#8243; _module_preset=&#8221;147e4ec0-af68-466f-82bf-64a63ba8a3c2&#8243; text_text_color=&#8221;#442823&#8243; locked=&#8221;off&#8221; global_colors_info=&#8221;{}&#8221;]<\/p>\n<p>Cresc\u00e2nd \u00een Rom\u00e2nia comunist\u0103, am locuit ulterior \u00een Germania, SUA \u0219i China. Aceste experien\u021be interna\u021bionale mi-au modelat \u00een\u021belegerea contextelor interculturale \u0219i sensibilitatea \u00een rela\u021bionarea cu oameni din diverse domenii de activitate. <\/p>\n<p>Sunt consilier pentru dezvoltare personal\u0103 certificat \u0219i consilier pentru persoane care sunt intr-un proces de doliu, cu accent special pe mindfulness, comunicare \u0219i empatie. Abordarea mea \u00een consiliere este interdisciplinar\u0103 \u0219i holistic\u0103. <\/p>\n<p>Prin specializarea mea \u00een psihogenealogie \u0219i terapie transgenera\u021bional\u0103, ofer acces unic la problemele mai profunde care ne modeleaz\u0103 via\u021ba. Vorbesc mai multe limbi str\u0103ine, ceea ce \u00eemi permite s\u0103 dep\u0103\u0219esc barierele de comunicare \u0219i s\u0103 construiesc o conexiune autentic\u0103 cu clien\u021bii mei. <\/p>\n<p>Parcursul meu personal a fost presarat cu incercari, precum migrarea din \u021bara mea de origine si pierderea fiului meu in urma unei boli. Tocmai aceste experien\u021be ma ajuta sa creez o conexiune autentica cu cei pe care \u00eei insotesc, oferindu-le spa\u021biu,in\u021belegere si prezen\u021b\u0103 real\u0103. <\/p>\n<p>Consider c\u0103 este misiunea mea s\u0103-\u021bi fiu alaturi \u00een c\u0103l\u0103toria ta \u2013 cu inima deschis\u0103, cuno\u0219tin\u021be solide \u0219i in\u021belegere cu ceea ce te apas\u0103.<\/p>\n<p>[\/et_pb_text][\/et_pb_column][\/et_pb_row][\/et_pb_section][et_pb_section fb_built=&#8221;1&#8243; admin_label=&#8221;About&#8221; _builder_version=&#8221;4.20.0&#8243; _module_preset=&#8221;default&#8221; background_color=&#8221;gcid-1c7f682d-c09a-42e9-8b1c-535ba676533f&#8221; custom_margin=&#8221;||||false|false&#8221; custom_padding=&#8221;0px||0px||true|false&#8221; collapsed=&#8221;on&#8221; global_colors_info=&#8221;{%22gcid-1c7f682d-c09a-42e9-8b1c-535ba676533f%22:%91%22background_color%22%93}&#8221;][et_pb_row column_structure=&#8221;1_2,1_2&#8243; _builder_version=&#8221;4.20.0&#8243; _module_preset=&#8221;default&#8221; custom_padding=&#8221;0px||0px||true|false&#8221; global_colors_info=&#8221;{}&#8221;][et_pb_column type=&#8221;1_2&#8243; _builder_version=&#8221;4.20.0&#8243; _module_preset=&#8221;default&#8221; custom_padding=&#8221;8%||8%||true|false&#8221; global_colors_info=&#8221;{}&#8221;][et_pb_text _builder_version=&#8221;4.27.0&#8243; _module_preset=&#8221;ed92ecbd-0832-4397-920e-b49a8b0c7728&#8243; global_colors_info=&#8221;{}&#8221;]<\/p>\n<h4>Doliu &amp; Pierdere<\/h4>\n<p>[\/et_pb_text][et_pb_text _builder_version=&#8221;4.27.4&#8243; _module_preset=&#8221;c23e43a5-8365-4807-a214-b917ab3f913d&#8221; header_2_text_color=&#8221;#442823&#8243; custom_margin=&#8221;||10px||false|false&#8221; global_colors_info=&#8221;{}&#8221;]<\/p>\n<h2>C\u0103l\u0103toria mea prin procesul de pierdere \u2013 Misiunea mea de a-i ajuta pe ceilal\u021bi<\/h2>\n<p>[\/et_pb_text][et_pb_text _builder_version=&#8221;4.27.4&#8243; _module_preset=&#8221;147e4ec0-af68-466f-82bf-64a63ba8a3c2&#8243; text_text_color=&#8221;#884F45&#8243; global_colors_info=&#8221;{}&#8221;]<\/p>\n<p>Boala \u0219i moartea fiului meu au fost o experien\u021b\u0103 coplesitoare, care mi-a zguduit via\u021ba din temelii. Prin aceast\u0103 durere am ajuns sa in\u021beleg c\u00e2t de profund , important si transformator poate fi doliul \u2013 nu doar ca suferin\u021b\u0103, ci si ca o cale spre umanitate si sens. Aceasta traire m-a facut sa ascult altfel, sa fiu prezent\u0103 cu mai multa blinde\u021be si s\u0103 pot inso\u021bii oamenii in cele mai fragile momente ale lor, cu respect, empatie si r\u0103bdare. Astfel, am fost motivat\u0103, s\u0103-mi g\u0103sesc chemarea \u00een consilierea pentru persoane \u00eendoliate. Am sim\u021bit nevoia nu doar sa-mi sus\u021bin propria vindecare, ci si s\u0103 fiu alaturi de ceilal\u021bi in cele mai intunecate momente ale vietii lor \u2013 oferindu-le sprijin, prezen\u021b\u0103 si incredere c\u0103 \u00eesi pot g\u0103si propriul drum prin durere.     <\/p>\n<p>[\/et_pb_text][et_pb_button button_url=&#8221;@ET-DC@eyJkeW5hbWljIjp0cnVlLCJjb250ZW50IjoicG9zdF9saW5rX3VybF9wYWdlIiwic2V0dGluZ3MiOnsicG9zdF9pZCI6IjE0MyIsImVuYWJsZV9odG1sIjoib2ZmIn19@&#8221; button_text=&#8221;Mai multe despre consiliere de doliu&#8221; _builder_version=&#8221;4.27.4&#8243; _dynamic_attributes=&#8221;button_url&#8221; _module_preset=&#8221;d19977cc-484d-4c72-b05a-70e3011bb2a0&#8243; button_text_color=&#8221;#884F45&#8243; button_border_color=&#8221;#884F45&#8243; custom_margin=&#8221;30px||||false|false&#8221; global_colors_info=&#8221;{%22gcid-606d042f-c90f-4ea6-97e7-7b08f1ba25f6%22:%91%22button_text_color%22%93}&#8221;][\/et_pb_button][\/et_pb_column][et_pb_column type=&#8221;1_2&#8243; _builder_version=&#8221;4.20.0&#8243; _module_preset=&#8221;default&#8221; global_colors_info=&#8221;{}&#8221;][et_pb_image src=&#8221;http:\/\/cristina-hockl.de\/wp-content\/uploads\/2024\/03\/anita-jankovic-ZurI8ZukiuY-unsplash-scaled.jpg&#8221; title_text=&#8221;anita-jankovic-ZurI8ZukiuY-unsplash&#8221; _builder_version=&#8221;4.24.2&#8243; _module_preset=&#8221;default&#8221; global_colors_info=&#8221;{}&#8221;][\/et_pb_image][\/et_pb_column][\/et_pb_row][\/et_pb_section][et_pb_section fb_built=&#8221;1&#8243; admin_label=&#8221;Testimonials&#8221; _builder_version=&#8221;4.25.1&#8243; _module_preset=&#8221;default&#8221; background_color=&#8221;gcid-de71f7e9-c73d-4bf6-9384-53a89cf199ff&#8221; custom_padding=&#8221;||0px||false|false&#8221; collapsed=&#8221;on&#8221; global_colors_info=&#8221;{%22gcid-de71f7e9-c73d-4bf6-9384-53a89cf199ff%22:%91%22background_color%22%93}&#8221;][et_pb_row _builder_version=&#8221;4.20.0&#8243; _module_preset=&#8221;default&#8221; global_colors_info=&#8221;{}&#8221;][et_pb_column type=&#8221;4_4&#8243; _builder_version=&#8221;4.20.0&#8243; _module_preset=&#8221;default&#8221; global_colors_info=&#8221;{}&#8221;][et_pb_slider arrows_custom_color=&#8221;gcid-606d042f-c90f-4ea6-97e7-7b08f1ba25f6&#8243; dot_nav_custom_color=&#8221;gcid-606d042f-c90f-4ea6-97e7-7b08f1ba25f6&#8243; _builder_version=&#8221;4.27.4&#8243; _module_preset=&#8221;default&#8221; header_font=&#8221;Belleza||||||||&#8221; header_text_color=&#8221;#884F45&#8243; header_font_size=&#8221;40px&#8221; header_line_height=&#8221;1.4em&#8221; body_font=&#8221;Inter|700||on|||||&#8221; body_text_color=&#8221;gcid-606d042f-c90f-4ea6-97e7-7b08f1ba25f6&#8243; background_color=&#8221;RGBA(255,255,255,0)&#8221; custom_button=&#8221;on&#8221; button_text_size=&#8221;14px&#8221; button_text_color=&#8221;#FFFFFF&#8221; button_bg_color=&#8221;gcid-606d042f-c90f-4ea6-97e7-7b08f1ba25f6&#8243; button_border_width=&#8221;0px&#8221; button_border_radius=&#8221;100px&#8221; button_font=&#8221;Inter|700||on|||||&#8221; button_custom_padding=&#8221;16px|24px|16px|24px|true|true&#8221; custom_padding=&#8221;0px||||false|false&#8221; header_font_size_tablet=&#8221;20px&#8221; header_font_size_phone=&#8221;16px&#8221; header_font_size_last_edited=&#8221;on|desktop&#8221; text_shadow_style=&#8221;preset1&#8243; text_shadow_color=&#8221;RGBA(255,255,255,0)&#8221; locked=&#8221;off&#8221; global_colors_info=&#8221;{%22gcid-606d042f-c90f-4ea6-97e7-7b08f1ba25f6%22:%91%22header_4_text_color%22,%22button_bg_color%22,%22header_3_text_color%22,%22arrows_custom_color%22,%22dot_nav_custom_color%22,%22body_text_color%22%93,%22gcid-de71f7e9-c73d-4bf6-9384-53a89cf199ff%22:%91%22background_color%22%93}&#8221;][et_pb_slide heading=&#8221;,,Cred c\u0103 cel mai mare cadou pe care \u00eel pot primi de la cineva este ca el s\u0103 m\u0103 vad\u0103, s\u0103 m\u0103 asculte, s\u0103 m\u0103 \u00een\u021beleag\u0103 \u0219i s\u0103 m\u0103 ating\u0103. Cel mai mare cadou pe care \u00eel pot face unui alt om este s\u0103-l v\u0103d, s\u0103-l ascult, s\u0103-l \u00een\u021beleg \u0219i s\u0103-l ating. Dac\u0103 reu\u0219esc, am sentimentul c\u0103 ne-am \u00eent\u00e2lnit cu adev\u0103rat.\u201d&#8221; _builder_version=&#8221;4.27.0&#8243; _module_preset=&#8221;default&#8221; locked=&#8221;off&#8221; global_colors_info=&#8221;{}&#8221; sticky_transition=&#8221;on&#8221;]<\/p>\n<p class=\"p1\">Virginia Satir<\/p>\n<p>[\/et_pb_slide][\/et_pb_slider][\/et_pb_column][\/et_pb_row][\/et_pb_section][et_pb_section fb_built=&#8221;1&#8243; admin_label=&#8221;Certifications&#8221; _builder_version=&#8221;4.20.0&#8243; _module_preset=&#8221;default&#8221; collapsed=&#8221;on&#8221; global_colors_info=&#8221;{}&#8221;][et_pb_row _builder_version=&#8221;4.20.0&#8243; _module_preset=&#8221;default&#8221; global_colors_info=&#8221;{}&#8221;][et_pb_column type=&#8221;4_4&#8243; _builder_version=&#8221;4.20.0&#8243; _module_preset=&#8221;default&#8221; global_colors_info=&#8221;{}&#8221;][et_pb_text _builder_version=&#8221;4.27.4&#8243; _module_preset=&#8221;c23e43a5-8365-4807-a214-b917ab3f913d&#8221; header_2_text_color=&#8221;#884F45&#8243; text_orientation=&#8221;center&#8221; global_colors_info=&#8221;{}&#8221;]<\/p>\n<h2>Instruire \u0219i certific\u0103ri<\/h2>\n<p>[\/et_pb_text][\/et_pb_column][\/et_pb_row][et_pb_row column_structure=&#8221;2_5,3_5&#8243; _builder_version=&#8221;4.20.0&#8243; _module_preset=&#8221;default&#8221; border_color_all=&#8221;gcid-606d042f-c90f-4ea6-97e7-7b08f1ba25f6&#8243; border_width_bottom_last_edited=&#8221;off|desktop&#8221; global_colors_info=&#8221;{%22gcid-606d042f-c90f-4ea6-97e7-7b08f1ba25f6%22:%91%22border_color_all%22%93}&#8221; border_width_all__hover_enabled=&#8221;off|hover&#8221; border_width_bottom__hover_enabled=&#8221;on|hover&#8221; border_width_bottom__hover=&#8221;1px&#8221;][et_pb_column type=&#8221;2_5&#8243; _builder_version=&#8221;4.20.0&#8243; _module_preset=&#8221;default&#8221; global_colors_info=&#8221;{}&#8221;][et_pb_text _builder_version=&#8221;4.27.4&#8243; _module_preset=&#8221;5d8d4036-3a75-487e-bec0-5b05eb681e03&#8243; header_3_text_color=&#8221;#884F45&#8243; text_orientation=&#8221;center&#8221; custom_margin=&#8221;||10px||false|false&#8221; global_colors_info=&#8221;{}&#8221;]<\/p>\n<h3>Seminarii \u0219i formare continu\u0103<\/h3>\n<p>[\/et_pb_text][\/et_pb_column][et_pb_column type=&#8221;3_5&#8243; _builder_version=&#8221;4.20.0&#8243; _module_preset=&#8221;default&#8221; global_colors_info=&#8221;{}&#8221;][et_pb_accordion _builder_version=&#8221;4.27.4&#8243; _module_preset=&#8221;default&#8221; body_text_color=&#8221;#442823&#8243; global_colors_info=&#8221;{}&#8221;][et_pb_accordion_item title=&#8221;Seminarii &amp; Cursuri de perfec\u021bionare&#8221; open=&#8221;on&#8221; _builder_version=&#8221;4.27.4&#8243; _module_preset=&#8221;default&#8221; global_colors_info=&#8221;{}&#8221;]<\/p>\n<ul>\n<li>Practician Certificat de Teledram\u0103 Nivelul 2 (CTP-2), \u00een prezent \u00een curs de formare continu\u0103 ca Practician de Teledram\u0103 Nivelul 3<\/li>\n<li>\n<p>\u201e Heal your roots \/ Vindec\u0103-\u021bi r\u0103d\u0103cinile\u201d \u2013 Constela\u021bii sistemice \u0219i familiale cu <span>Sakino Matilde Sternberg Yalom<\/span><\/p>\n<\/li>\n<li>\n<p>Din 2023, creator al Har\u021bii Transgenerationale si facilitator de ateliere bazat pe tema \u201e<span>Harta psihogenealogic\u0103: o c\u0103l\u0103torie transgenera\u021bional\u0103\u201d<\/span> \u00a9 Cristina Hockl<\/p>\n<\/li>\n<li>\n<p>Academy of Therapy Wisdom \u2013 <span>The hidden trauma of neglect <\/span>\/ Trauma ascuns\u0103 a neglij\u0103rii, Ruth Cohn, MFT<\/p>\n<\/li>\n<li> Seminar \u201eRecunoa\u0219terea talentelor \u0219i a poten\u021bialului in fata oamenilor\u201d \/ Anne Fierhauser<\/li>\n<li>Practician Certificat Avansat \u00een Psihogenealogie \u0219i Terapie Transgenera\u021bional\u0103 (ACPTT) \/ \u0218coala Anne Ancelin Sch\u00fctzenberger, Paris<\/li>\n<li>Curs de perfec\u021bionare ,, Modelarea activ\u0103 (cu) a propriei bun\u0103st\u0103ri \u0219i a c\u00e2mpurilor energetice\u201d \/ MIVEDO, Savina Tillmann<\/li>\n<li>\u201eNu vreau s\u0103 vorbesc, hai s\u0103 ne juc\u0103m\u201d \u2013 Psihodram\u0103 pentru copii, Institutul Moreno<\/li>\n<li>\u201eEcoul trecutului \u2013 Transmiterea transgenera\u021bional\u0103 a traumatiz\u0103rii\u201d \u2013 Heike Gattnar<\/li>\n<li>\u201eLucrul cu durerea \u00een terapia individual\u0103\u201d \u2013 Zoli Figusch, Psihodrama \u00een jurul lumii (4 ore)<\/li>\n<li> \u201eTransformarea traumei rela\u021bionale folosind sociometria \u0219i psihodrama\u201d \u2013 Tian Dayton, doctor \u00een filosofie \u2013 Academy of Therapy Wisdom<\/li>\n<li> \u201eConstela\u021bii Sistemice \u0219i Familiale\u201d \u2013 Seminar cu Thomas Schaefer<\/li>\n<li> ,,The wild edge of sorrow \u2013 rituals of grief \u201e &#8211; \u201eIntrarea \u00een c\u00e2mpul vindec\u0103rii \u2013 Ritualuri ale durerii\u201d \u2013 Francis Weller<\/li>\n<li> \u201eTele&#8217;drama International \u2013 \u00cen\u021belepciunea transformatoare a viselor \u00een psihodrama jungian\u0103\u201d (30 de ore) Maurizio Gasseau<\/li>\n<li>A 5-a Academie Elen\u0103 de Psihodram\u0103 de Var\u0103 (18 ore)<\/li>\n<li><b>Certificare CELTA<\/b>: Certificat \u00een predarea limbii engleze vorbitorilor de alte limbi \u2013 MTA, Melbourne, Australia<\/li>\n<\/ul>\n<p>[\/et_pb_accordion_item][et_pb_accordion_item title=&#8221;\u00cen prezent \u00een formare&#8221; _builder_version=&#8221;4.27.4&#8243; _module_preset=&#8221;default&#8221; global_colors_info=&#8221;{}&#8221; open=&#8221;off&#8221;]<\/p>\n<p class=\"p1\">Studen\u021bi \u00een SE Training ( absolvire probabil \u00een 2027)<\/p>\n<p>[\/et_pb_accordion_item][\/et_pb_accordion][\/et_pb_column][\/et_pb_row][et_pb_row column_structure=&#8221;2_5,3_5&#8243; _builder_version=&#8221;4.20.0&#8243; _module_preset=&#8221;default&#8221; border_color_all=&#8221;gcid-606d042f-c90f-4ea6-97e7-7b08f1ba25f6&#8243; border_width_bottom_last_edited=&#8221;off|desktop&#8221; global_colors_info=&#8221;{%22gcid-606d042f-c90f-4ea6-97e7-7b08f1ba25f6%22:%91%22border_color_all%22%93}&#8221; border_width_all__hover_enabled=&#8221;off|hover&#8221; border_width_bottom__hover_enabled=&#8221;on|hover&#8221; border_width_bottom__hover=&#8221;1px&#8221;][et_pb_column type=&#8221;2_5&#8243; _builder_version=&#8221;4.20.0&#8243; _module_preset=&#8221;default&#8221; global_colors_info=&#8221;{}&#8221;][et_pb_text _builder_version=&#8221;4.27.4&#8243; _module_preset=&#8221;5d8d4036-3a75-487e-bec0-5b05eb681e03&#8243; header_3_text_color=&#8221;#884F45&#8243; text_orientation=&#8221;center&#8221; custom_margin=&#8221;||10px||false|false&#8221; global_colors_info=&#8221;{}&#8221;]<\/p>\n<h3>Studii &amp; Formare<\/h3>\n<p>[\/et_pb_text][et_pb_text _builder_version=&#8221;4.27.4&#8243; _module_preset=&#8221;ed92ecbd-0832-4397-920e-b49a8b0c7728&#8243; text_orientation=&#8221;center&#8221; global_colors_info=&#8221;{}&#8221;]<\/p>\n<h4>2017 &#8211; 2022<\/h4>\n<p>[\/et_pb_text][\/et_pb_column][et_pb_column type=&#8221;3_5&#8243; _builder_version=&#8221;4.20.0&#8243; _module_preset=&#8221;default&#8221; global_colors_info=&#8221;{}&#8221;][et_pb_text _builder_version=&#8221;4.27.4&#8243; _module_preset=&#8221;c6f9f2cf-dd5b-44d9-8aa9-333b4f6afd84&#8243; text_text_color=&#8221;#442823&#8243; text_orientation_tablet=&#8221;center&#8221; text_orientation_phone=&#8221;center&#8221; text_orientation_last_edited=&#8221;on|tablet&#8221; global_colors_info=&#8221;{}&#8221;]<\/p>\n<p><strong>SE practitioner<\/strong> ( iA)<\/p>\n<p><strong>Oneric drawing<\/strong> ( iA)<\/p>\n<p><strong>Cursul de Certificare Polivagal\u0103<\/strong> : Siguran\u021b\u0103, Conexiune \u0219i Experien\u021ba Uman\u0103 03<\/p>\n<p>Practician Certificat de <strong>Teledram\u0103<\/strong> Nivelul 2 (CTP-2), \u00een prezent \u00een curs de formare continu\u0103 ca Practician de Teledram\u0103 Nivelul 3<\/p>\n<p><strong>Practician Transgenera\u021bional Avansat <\/strong>(Psihogenealogie) \u2013 \u0218coala Anne Ancelin Sch\u00fctzenberger, Paris<\/p>\n<p class=\"p1\">Formare ca \u0219i <strong>consilier pentru persoane<\/strong> indoliate \u0219i <strong>consilier psihologic<\/strong> ; Heilpraktikerschule Isolde Richter, Deutschland \/ \u0218coala de Medicin\u0103 Alternativ\u0103 Isolde Richter, Germania<\/p>\n<p class=\"p1\"><strong>Licen\u021b\u0103 \u00een \u0218tiin\u021be Sociale<\/strong>, Universitatea de Vest, Timi\u0219oara, Rom\u00e2nia. Specializare: Psihopedagogie, Asisten\u021b\u0103 social\u0103, Cultur\u0103 <\/p>\n<p>[\/et_pb_text][\/et_pb_column][\/et_pb_row][\/et_pb_section][et_pb_section fb_built=&#8221;1&#8243; admin_label=&#8221;Subscribe&#8221; _builder_version=&#8221;4.27.4&#8243; _module_preset=&#8221;default&#8221; use_background_color_gradient=&#8221;on&#8221; background_color_gradient_direction=&#8221;90deg&#8221; background_color_gradient_stops=&#8221;#f9f6f1 0%|rgba(249,246,241,0.89) 99%&#8221; background_color_gradient_overlays_image=&#8221;on&#8221; background_image=&#8221;http:\/\/cristina-hockl.de\/wp-content\/uploads\/2024\/05\/jess-moe-PbUzvmAmXmk-unsplash-scaled.jpg&#8221; saved_tabs=&#8221;all&#8221; collapsed=&#8221;on&#8221; global_colors_info=&#8221;{}&#8221;][et_pb_row _builder_version=&#8221;4.20.0&#8243; _module_preset=&#8221;default&#8221; max_width=&#8221;700px&#8221; global_colors_info=&#8221;{}&#8221;][et_pb_column type=&#8221;4_4&#8243; _builder_version=&#8221;4.20.0&#8243; _module_preset=&#8221;default&#8221; global_colors_info=&#8221;{}&#8221;][et_pb_text _builder_version=&#8221;4.20.0&#8243; _module_preset=&#8221;7359ef96-a939-4a05-baaa-66301eeb7720&#8243; text_orientation=&#8221;center&#8221; global_colors_info=&#8221;{}&#8221;]<\/p>\n<h4>Abonare<\/h4>\n<p>[\/et_pb_text][et_pb_text _builder_version=&#8221;4.27.4&#8243; _module_preset=&#8221;9b4efdcb-24e4-4b9a-9423-92f42c167a71&#8243; header_2_text_color=&#8221;#442823&#8243; text_orientation=&#8221;center&#8221; custom_margin=&#8221;||10px||false|false&#8221; global_colors_info=&#8221;{}&#8221;]<\/p>\n<h2>Prime\u0219te sfaturi valoroase direct \u00een c\u0103su\u021ba ta po\u0219tal\u0103!<\/h2>\n<p>[\/et_pb_text][et_pb_text _builder_version=&#8221;4.27.4&#8243; _module_preset=&#8221;f7aaf9eb-dc91-45bf-a3c3-bef1d7a4b2ea&#8221; text_text_color=&#8221;#884F45&#8243; text_orientation=&#8221;center&#8221; global_colors_info=&#8221;{}&#8221;]<\/p>\n<p>Aboneaz\u0103-te la newsletter-ul meu \u0219i fii mereu informat despre cele mai recente descoperiri, sfaturi utile \u0219i oferte exclusive. Newsletter-ul meu \u00ee\u021bi ofer\u0103 \u00een mod regulat inspira\u021bie \u0219i sprijin pentru a-\u021bi atinge obiectivele \u0219i a-\u021bi \u00eembog\u0103\u021bi via\u021ba. <\/p>\n<p>&nbsp;<\/p>\n<p>[\/et_pb_text][et_pb_signup mailchimp_list=&#8221;add_new_account&#8221; mailchimp_account_name=&#8221;Cristina Hockl&#8221; mailchimp_api_key=&#8221;cd3246d18d8a69e11cbc956df8abc55a-us16&#8243; name_field=&#8221;on&#8221; _builder_version=&#8221;4.27.4&#8243; _module_preset=&#8221;d843b4ad-4127-4c74-b9f0-c942268d4970&#8243; locked=&#8221;off&#8221; global_colors_info=&#8221;{%22gcid-606d042f-c90f-4ea6-97e7-7b08f1ba25f6%22:%91%22button_bg_color%22,%22form_field_text_color%22,%22border_color_all%22%93}&#8221;][\/et_pb_signup][\/et_pb_column][\/et_pb_row][\/et_pb_section]<\/p>\n","protected":false},"excerpt":{"rendered":"<p>Despre mineC\u0103l\u0103toria mea, experien\u021ba mea \u2013 sprijinul t\u0103uCu peste 40 de ani de experien\u021b\u0103 \u00een activitatea cu oamenii \u0219i un background intercultural care m-a purtat prin diferite \u021b\u0103ri \u0219i culturi, aduc o \u00een\u021belegere profund\u0103 \u0219i o abordare plin\u0103 de compasiune \u00een munca mea de consilier pentru dezvoltare personal\u0103, consilier pentru persoane \u00eendoliate si \u00een domeniile [&hellip;]<\/p>\n","protected":false},"author":1,"featured_media":0,"parent":0,"menu_order":0,"comment_status":"closed","ping_status":"closed","template":"","meta":{"_et_pb_use_builder":"on","_et_pb_old_content":"","_et_gb_content_width":"","footnotes":""},"class_list":["post-585","page","type-page","status-publish","hentry"],"_links":{"self":[{"href":"https:\/\/cristina-hockl.de\/ro\/wp-json\/wp\/v2\/pages\/585","targetHints":{"allow":["GET"]}}],"collection":[{"href":"https:\/\/cristina-hockl.de\/ro\/wp-json\/wp\/v2\/pages"}],"about":[{"href":"https:\/\/cristina-hockl.de\/ro\/wp-json\/wp\/v2\/types\/page"}],"author":[{"embeddable":true,"href":"https:\/\/cristina-hockl.de\/ro\/wp-json\/wp\/v2\/users\/1"}],"replies":[{"embeddable":true,"href":"https:\/\/cristina-hockl.de\/ro\/wp-json\/wp\/v2\/comments?post=585"}],"version-history":[{"count":2,"href":"https:\/\/cristina-hockl.de\/ro\/wp-json\/wp\/v2\/pages\/585\/revisions"}],"predecessor-version":[{"id":588,"href":"https:\/\/cristina-hockl.de\/ro\/wp-json\/wp\/v2\/pages\/585\/revisions\/588"}],"wp:attachment":[{"href":"https:\/\/cristina-hockl.de\/ro\/wp-json\/wp\/v2\/media?parent=585"}],"curies":[{"name":"wp","href":"https:\/\/api.w.org\/{rel}","templated":true}]}}